{"id":27,"date":"2023-06-23T08:58:51","date_gmt":"2023-06-23T06:58:51","guid":{"rendered":"http:\/\/2r3f.fr\/?page_id=27"},"modified":"2023-07-05T11:10:18","modified_gmt":"2023-07-05T09:10:18","slug":"theses-soutenues","status":"publish","type":"page","link":"https:\/\/2r3f.fr\/index.php\/theses-soutenues\/","title":{"rendered":"Th\u00e8ses soutenues"},"content":{"rendered":"\n<p><a href=\"https:\/\/2r3f.fr\/index.php\/contact\/\">Vous avez soutenu une th\u00e8se sur les festivals de films et celle-ci n&rsquo;appara\u00eet pas dans la bibliographie, vous pouvez nous soumettre la r\u00e9f\u00e9rence en suivant ce lien.<\/a><\/p>\n\n\n\n<p><a href=\"https:\/\/2r3f.fr\/index.php\/publication-de-sayda-bourguiba\/\">Bourguiba, Sayda<\/a> (2013). <em>Finalit\u00e9s culturelles et esth\u00e9tiques d&rsquo;un cin\u00e9ma arabo-africain en devenir : les Journ\u00e9es Cin\u00e9matographiques de Carthage (JCC)<\/em>. Th\u00e8se de doctorat en Arts. Arts plastiques. Musicologie de l\u2019Universit\u00e9 de Paris 1 Sous la direction de Dominique Chateau.<\/p>\n\n\n\n<p><a href=\"https:\/\/2r3f.fr\/index.php\/publication-de-emilie-cheyroux\/\">Cheyroux, Emilie<\/a> (2017). <em>Le festival comme \u00e9v\u00e9nement reconfigurateur de st\u00e9r\u00e9otypes. Cine Las Americas et les Latinos (Austin, Texas, 1998-2017).<\/em> Th\u00e8se de doctorat en \u00c9tudes anglophones de l\u2019Universit\u00e9 de Sorbonne Paris Cit\u00e9 sous la direction de Divina Frau-Meigs.<\/p>\n\n\n\n<p><a href=\"https:\/\/2r3f.fr\/index.php\/publication-de-jennifer-de-castro\/\">De Castro, Jennifer <\/a>(2017). <em>Le Festival de Cannes et la promotion du cin\u00e9ma (1946-1972) : le 7\u00e8me art, un objet culturel prot\u00e9iforme au service du prestige national<\/em>. Th\u00e8se de doctorat en \u00c9tudes cin\u00e9matographiques et audiovisuelles de l\u2019Universit\u00e9 de Sorbonne Paris Cit\u00e9 sous la direction de Rapha\u00eblle Moine.<\/p>\n\n\n\n<p><a href=\"https:\/\/2r3f.fr\/index.php\/publication-de-nathalie-emmanuel\/\">Emmanuel, Nathalie<\/a> (2011<em>). Le festival et le droit : essai sur la nature juridique d&rsquo;un nouveau bien<\/em>. Th\u00e8se de doctorat en Sciences juridiques de l\u2019Universit\u00e9 de Grenoble sous la direction de Jean-Michel Brugui\u00e8re.<\/p>\n\n\n\n<p><a href=\"https:\/\/2r3f.fr\/index.php\/publication-de-anais-farine\/\">Farine, Ana\u00efs<\/a> (2019). <em>Imaginaire cin\u00e9matographique du \u00ab dialogue euro-m\u00e9diterran\u00e9en \u00bb (1995 &#8211; 2017) \u02f8 formes festivali\u00e8res, formes institutionnelles, forme<\/em>s alternatives. Th\u00e8se de doctorat en \u00c9tudes cin\u00e9matographiques et audiovisuelles de l\u2019Universit\u00e9 de Sorbonne Paris Cit\u00e9 sous la direction de Guillaume Soulez et de Agn\u00e8s Devictor.<\/p>\n\n\n\n<p><a href=\"https:\/\/2r3f.fr\/index.php\/publication-de-xavier-garcia-bardon\/\">Garc\u00eda Bard\u00f3n, Xavier<\/a> (2017). <em>Exprmntl. Une histoire du Festival du film exp\u00e9rimental de Knokke\/Bruxelles (1949-1974).<\/em> Th\u00e8se de doctorat en \u00c9tudes cin\u00e9matographiques et audiovisuelles de l\u2019Universit\u00e9 de Sorbonne Paris Cit\u00e9 sous la direction de Nicole Brenez.<\/p>\n\n\n\n<p><a href=\"https:\/\/2r3f.fr\/index.php\/publication-de-caroline-guigay\/\">Guigay, Caroline<\/a> (2020). <em>Le cin\u00e9ma au prisme de la dur\u00e9e. Les courts m\u00e9trages en France, entre institutionnalisation d\u2019une cat\u00e9gorie artistique et bouleversements num\u00e9riques (2000-2018).<\/em> Th\u00e8se de doctorat en \u00c9tudes cin\u00e9matographiques et audiovisuelles de l\u2019Universit\u00e9 de Sorbonne Nouvelle sous la direction de Laurent Creton.<\/p>\n\n\n\n<p><a href=\"https:\/\/2r3f.fr\/index.php\/publication-de-dunja-jelenkovic\/\">Jelenkovic, Dunja<\/a> (2017). U<em>ne histoire culturelle et politique du Festival yougoslave du film documentaire et du court-m\u00e9trage, 1954-2004. : Du soc<\/em>ialisme yougoslave au nationalisme serbe. Th\u00e8se de doctorat en Histoire de l&rsquo;Universit\u00e9 Paris-Saclay sous la direction de Christian Delporte.<\/p>\n\n\n\n<p><a href=\"https:\/\/2r3f.fr\/index.php\/publication-de-melanie-le-forestier\/\">Le Forestier, M\u00e9lanie<\/a> (2016). <em>Imaginaires nationaux et dynamiques transnationales : \u00e9tude du cin\u00e9ma hatke en Inde<\/em>. Th\u00e8se de doctorat en Sciences de l&rsquo;information et de la communication de l\u2019Univsersit\u00e9 de Toulouse 2 Jean Jaur\u00e8s sous la direction de Claire Chatelet et de Pierre Molinier. Disponible sur HAL theses : <a href=\"https:\/\/theses.hal.science\/tel-01587877v1\">https:\/\/theses.hal.science\/tel-01587877v1<\/a><\/p>\n\n\n\n<p><a href=\"https:\/\/2r3f.fr\/index.php\/publication-de-caroline-moine\/\">Moine, Caroline<\/a> (2005). <em>Le cin\u00e9ma en RDA, entre autarcie culturelle et dialogue international : une histoire du festival international de films documentaires de Leipzig (1949-1990).<\/em> Th\u00e8se de doctorat en Histoire de l\u2019Universit\u00e9 de Paris 1 sous la direction de Robert Frank et de \u00c9tienne Fran\u00e7ois.<\/p>\n\n\n\n<p><a href=\"https:\/\/2r3f.fr\/index.php\/publication-damanda-rueda\/\">Rueda, Amanda<\/a> (2006). <em>M\u00e9diations et constructions des territoires imaginaires des \u00abcin\u00e9mas latino-am\u00e9ricains\u00bb. Le cas des Rencontres des cin\u00e9mas d\u2019Am\u00e9rique latine<\/em>. Th\u00e8se de doctorat en Sciences de l\u2019information et de la communication de l\u2019Universit\u00e9 Toulouse 2 Jean Jaur\u00e8s sous la direction de Robert Boure et de Pierre Molinier.<\/p>\n\n\n\n<p><a href=\"https:\/\/2r3f.fr\/index.php\/publucation-de-damir-sehanovic\/\">Sehanovic, Damir <\/a>(2022). <em>Film festivals as platforms of cultural diplomacy in the Balkans (2010-2020) : the soft power of national image branding and cultural public relations<\/em>. Th\u00e8se de doctorat en Sciences de l&rsquo;information et de la communication de l\u2019Universit\u00e9 de Bordeaux 3 sous la direction de Alain Kiyindou et de Divina Frau-Meigs.<\/p>\n\n\n\n<p><a href=\"https:\/\/2r3f.fr\/index.php\/publication-de-vivien-solde\/\">Sold\u00e9, Vivien<\/a> (2022). <em>Le cin\u00e9ma dans l\u2019\u00e9ducation populaire en France : \u00e9tude comparative des r\u00e9seaux confessionnels et la\u00efques de la Lib\u00e9ration aux ann\u00e9es 1980<\/em>. Th\u00e8se de doctorat en Sciences de l&rsquo;\u00e9ducation et de la formation de l\u2019Universit\u00e9 de Reims Champage-Ardenne sous la direction de Fran\u00e7oise Laot et Pascal Laborderie.<\/p>\n\n\n\n<p><a href=\"https:\/\/2r3f.fr\/index.php\/publication-de-gustavo-suarez-rios\/\">Suarez-Rios, Gustavo<\/a> (2021). <em>La coproduction cin\u00e9matographique entre la France et la Colombie, de 2010 \u00e0 2016. Analyse des repr\u00e9sentations au sein des instances de production et de r\u00e9ception<\/em>. Th\u00e8se de doctorat en Sciences de l\u2019information et de la communication de l\u2019Universit\u00e9 Toulouse 2 \u2013 Jean Jaur\u00e8s sous la direction de Pierre Molinier et d\u2019Amanda Rueda.<\/p>\n\n\n\n<p><a href=\"https:\/\/2r3f.fr\/index.php\/publication-de-francois-theurel\/\">Theurel, Fran\u00e7ois<\/a> (2011). <em>Le spectateur en mouvement : perspectives et impacts de la diffusion cin\u00e9matographique num\u00e9rique sur les pratiques spectatorielles en milieu festivalier<\/em>. Th\u00e8se de doctorat en Sciences de l&rsquo;information et de la communication de l\u2019Universit\u00e9 d\u2019Avignon sous la direction d&rsquo;Emmanuel Ethis.<\/p>\n\n\n\n<p><a href=\"https:\/\/2r3f.fr\/index.php\/publication-de-chia-fang-yu\/\">Yu, Chia-Fang<\/a> (2018). <em>Du cultuel au culturel : les mutations du festival des fant\u00f4mes de Keelung Zhongyuanjie XXe-XXIe si\u00e8cle<\/em>. Th\u00e8se de doctorat en Histoire artistique et culturelle de l\u2019Universit\u00e9 de Sorbonne Paris Cit\u00e9 sous la direction de Catherine Bertho-Lavenir.<\/p>\n","protected":false},"excerpt":{"rendered":"<p>Vous avez soutenu une th\u00e8se sur les festivals de films et celle-ci n&rsquo;appara\u00eet pas dans la bibliographie, vous pouvez nous soumettre la r\u00e9f\u00e9rence en suivant ce lien. Bourguiba, Sayda (2013). [&hellip;]<\/p>\n","protected":false},"author":1,"featured_media":0,"parent":0,"menu_order":0,"comment_status":"closed","ping_status":"closed","template":"","meta":{"site-sidebar-layout":"default","site-content-layout":"","ast-site-content-layout":"","site-content-style":"default","site-sidebar-style":"default","ast-global-header-display":"","ast-banner-title-visibility":"","ast-main-header-display":"","ast-hfb-above-header-display":"","ast-hfb-below-header-display":"","ast-hfb-mobile-header-display":"","site-post-title":"","ast-breadcrumbs-content":"","ast-featured-img":"","footer-sml-layout":"","theme-transparent-header-meta":"","adv-header-id-meta":"","stick-header-meta":"","header-above-stick-meta":"","header-main-stick-meta":"","header-below-stick-meta":"","astra-migrate-meta-layouts":"default","ast-page-background-enabled":"default","ast-page-background-meta":{"desktop":{"background-color":"var(--ast-global-color-4)","background-image":"","background-repeat":"repeat","background-position":"center center","background-size":"auto","background-attachment":"scroll","background-type":"","background-media":"","overlay-type":"","overlay-color":"","overlay-opacity":"","overlay-gradient":""},"tablet":{"background-color":"","background-image":"","background-repeat":"repeat","background-position":"center center","background-size":"auto","background-attachment":"scroll","background-type":"","background-media":"","overlay-type":"","overlay-color":"","overlay-opacity":"","overlay-gradient":""},"mobile":{"background-color":"","background-image":"","background-repeat":"repeat","background-position":"center center","background-size":"auto","background-attachment":"scroll","background-type":"","background-media":"","overlay-type":"","overlay-color":"","overlay-opacity":"","overlay-gradient":""}},"ast-content-background-meta":{"desktop":{"background-color":"var(--ast-global-color-5)","background-image":"","background-repeat":"repeat","background-position":"center center","background-size":"auto","background-attachment":"scroll","background-type":"","background-media":"","overlay-type":"","overlay-color":"","overlay-opacity":"","overlay-gradient":""},"tablet":{"background-color":"var(--ast-global-color-5)","background-image":"","background-repeat":"repeat","background-position":"center center","background-size":"auto","background-attachment":"scroll","background-type":"","background-media":"","overlay-type":"","overlay-color":"","overlay-opacity":"","overlay-gradient":""},"mobile":{"background-color":"var(--ast-global-color-5)","background-image":"","background-repeat":"repeat","background-position":"center center","background-size":"auto","background-attachment":"scroll","background-type":"","background-media":"","overlay-type":"","overlay-color":"","overlay-opacity":"","overlay-gradient":""}},"footnotes":""},"class_list":["post-27","page","type-page","status-publish","hentry"],"yoast_head":"<!-- This site is optimized with the Yoast SEO plugin v27.0 - https:\/\/yoast.com\/product\/yoast-seo-wordpress\/ -->\n<title>Th\u00e8ses soutenues - R\u00e9seau de Recherche Fran\u00e7ais sur les Festivals de Film<\/title>\n<meta name=\"robots\" content=\"index, follow, max-snippet:-1, max-image-preview:large, max-video-preview:-1\" \/>\n<link rel=\"canonical\" href=\"https:\/\/2r3f.fr\/index.php\/theses-soutenues\/\" \/>\n<meta property=\"og:locale\" content=\"fr_FR\" \/>\n<meta property=\"og:type\" content=\"article\" \/>\n<meta property=\"og:title\" content=\"Th\u00e8ses soutenues - R\u00e9seau de Recherche Fran\u00e7ais sur les Festivals de Film\" \/>\n<meta property=\"og:description\" content=\"Vous avez soutenu une th\u00e8se sur les festivals de films et celle-ci n&rsquo;appara\u00eet pas dans la bibliographie, vous pouvez nous soumettre la r\u00e9f\u00e9rence en suivant ce lien. Bourguiba, Sayda (2013). [&hellip;]\" \/>\n<meta property=\"og:url\" content=\"https:\/\/2r3f.fr\/index.php\/theses-soutenues\/\" \/>\n<meta property=\"og:site_name\" content=\"R\u00e9seau de Recherche Fran\u00e7ais sur les Festivals de Film\" \/>\n<meta property=\"article:publisher\" content=\"https:\/\/www.facebook.com\/profile.php?id=100093713633073\" \/>\n<meta property=\"article:modified_time\" content=\"2023-07-05T09:10:18+00:00\" \/>\n<meta name=\"twitter:card\" content=\"summary_large_image\" \/>\n<meta name=\"twitter:label1\" content=\"Dur\u00e9e de lecture estim\u00e9e\" \/>\n\t<meta name=\"twitter:data1\" content=\"4 minutes\" \/>\n<script type=\"application\/ld+json\" class=\"yoast-schema-graph\">{\"@context\":\"https:\/\/schema.org\",\"@graph\":[{\"@type\":\"WebPage\",\"@id\":\"https:\/\/2r3f.fr\/index.php\/theses-soutenues\/\",\"url\":\"https:\/\/2r3f.fr\/index.php\/theses-soutenues\/\",\"name\":\"Th\u00e8ses soutenues - R\u00e9seau de Recherche Fran\u00e7ais sur les Festivals de Film\",\"isPartOf\":{\"@id\":\"https:\/\/2r3f.fr\/#website\"},\"datePublished\":\"2023-06-23T06:58:51+00:00\",\"dateModified\":\"2023-07-05T09:10:18+00:00\",\"breadcrumb\":{\"@id\":\"https:\/\/2r3f.fr\/index.php\/theses-soutenues\/#breadcrumb\"},\"inLanguage\":\"fr-FR\",\"potentialAction\":[{\"@type\":\"ReadAction\",\"target\":[\"https:\/\/2r3f.fr\/index.php\/theses-soutenues\/\"]}]},{\"@type\":\"BreadcrumbList\",\"@id\":\"https:\/\/2r3f.fr\/index.php\/theses-soutenues\/#breadcrumb\",\"itemListElement\":[{\"@type\":\"ListItem\",\"position\":1,\"name\":\"Accueil\",\"item\":\"https:\/\/2r3f.fr\/\"},{\"@type\":\"ListItem\",\"position\":2,\"name\":\"Th\u00e8ses soutenues\"}]},{\"@type\":\"WebSite\",\"@id\":\"https:\/\/2r3f.fr\/#website\",\"url\":\"https:\/\/2r3f.fr\/\",\"name\":\"2R3F - R\u00e9seau de Recherche Fran\u00e7ais sur les Festivals de Films\",\"description\":\"2R3F - R\u00e9seau de Recherche Fran\u00e7ais sur les Festivals de Films festivals de film\",\"publisher\":{\"@id\":\"https:\/\/2r3f.fr\/#organization\"},\"potentialAction\":[{\"@type\":\"SearchAction\",\"target\":{\"@type\":\"EntryPoint\",\"urlTemplate\":\"https:\/\/2r3f.fr\/?s={search_term_string}\"},\"query-input\":{\"@type\":\"PropertyValueSpecification\",\"valueRequired\":true,\"valueName\":\"search_term_string\"}}],\"inLanguage\":\"fr-FR\"},{\"@type\":\"Organization\",\"@id\":\"https:\/\/2r3f.fr\/#organization\",\"name\":\"2R3F R\u00e9seau de Recherche Fran\u00e7ais sur les Festivals de Films\",\"url\":\"https:\/\/2r3f.fr\/\",\"logo\":{\"@type\":\"ImageObject\",\"inLanguage\":\"fr-FR\",\"@id\":\"https:\/\/2r3f.fr\/#\/schema\/logo\/image\/\",\"url\":\"https:\/\/2r3f.fr\/wp-content\/uploads\/2023\/06\/cropped-logo-vers-2.png\",\"contentUrl\":\"https:\/\/2r3f.fr\/wp-content\/uploads\/2023\/06\/cropped-logo-vers-2.png\",\"width\":1098,\"height\":435,\"caption\":\"2R3F R\u00e9seau de Recherche Fran\u00e7ais sur les Festivals de Films\"},\"image\":{\"@id\":\"https:\/\/2r3f.fr\/#\/schema\/logo\/image\/\"},\"sameAs\":[\"https:\/\/www.facebook.com\/profile.php?id=100093713633073\",\"https:\/\/www.instagram.com\/_2r3f_\/\",\"https:\/\/www.linkedin.com\/company\/2r3f-rseau-de-recherche-franais-sur-les-festivals-de-film\/about\/?viewAsMember=true\"]}]}<\/script>\n<!-- \/ Yoast SEO plugin. -->","yoast_head_json":{"title":"Th\u00e8ses soutenues - R\u00e9seau de Recherche Fran\u00e7ais sur les Festivals de Film","robots":{"index":"index","follow":"follow","max-snippet":"max-snippet:-1","max-image-preview":"max-image-preview:large","max-video-preview":"max-video-preview:-1"},"canonical":"https:\/\/2r3f.fr\/index.php\/theses-soutenues\/","og_locale":"fr_FR","og_type":"article","og_title":"Th\u00e8ses soutenues - R\u00e9seau de Recherche Fran\u00e7ais sur les Festivals de Film","og_description":"Vous avez soutenu une th\u00e8se sur les festivals de films et celle-ci n&rsquo;appara\u00eet pas dans la bibliographie, vous pouvez nous soumettre la r\u00e9f\u00e9rence en suivant ce lien. Bourguiba, Sayda (2013). [&hellip;]","og_url":"https:\/\/2r3f.fr\/index.php\/theses-soutenues\/","og_site_name":"R\u00e9seau de Recherche Fran\u00e7ais sur les Festivals de Film","article_publisher":"https:\/\/www.facebook.com\/profile.php?id=100093713633073","article_modified_time":"2023-07-05T09:10:18+00:00","twitter_card":"summary_large_image","twitter_misc":{"Dur\u00e9e de lecture estim\u00e9e":"4 minutes"},"schema":{"@context":"https:\/\/schema.org","@graph":[{"@type":"WebPage","@id":"https:\/\/2r3f.fr\/index.php\/theses-soutenues\/","url":"https:\/\/2r3f.fr\/index.php\/theses-soutenues\/","name":"Th\u00e8ses soutenues - R\u00e9seau de Recherche Fran\u00e7ais sur les Festivals de Film","isPartOf":{"@id":"https:\/\/2r3f.fr\/#website"},"datePublished":"2023-06-23T06:58:51+00:00","dateModified":"2023-07-05T09:10:18+00:00","breadcrumb":{"@id":"https:\/\/2r3f.fr\/index.php\/theses-soutenues\/#breadcrumb"},"inLanguage":"fr-FR","potentialAction":[{"@type":"ReadAction","target":["https:\/\/2r3f.fr\/index.php\/theses-soutenues\/"]}]},{"@type":"BreadcrumbList","@id":"https:\/\/2r3f.fr\/index.php\/theses-soutenues\/#breadcrumb","itemListElement":[{"@type":"ListItem","position":1,"name":"Accueil","item":"https:\/\/2r3f.fr\/"},{"@type":"ListItem","position":2,"name":"Th\u00e8ses soutenues"}]},{"@type":"WebSite","@id":"https:\/\/2r3f.fr\/#website","url":"https:\/\/2r3f.fr\/","name":"2R3F - R\u00e9seau de Recherche Fran\u00e7ais sur les Festivals de Films","description":"2R3F - R\u00e9seau de Recherche Fran\u00e7ais sur les Festivals de Films festivals de film","publisher":{"@id":"https:\/\/2r3f.fr\/#organization"},"potentialAction":[{"@type":"SearchAction","target":{"@type":"EntryPoint","urlTemplate":"https:\/\/2r3f.fr\/?s={search_term_string}"},"query-input":{"@type":"PropertyValueSpecification","valueRequired":true,"valueName":"search_term_string"}}],"inLanguage":"fr-FR"},{"@type":"Organization","@id":"https:\/\/2r3f.fr\/#organization","name":"2R3F R\u00e9seau de Recherche Fran\u00e7ais sur les Festivals de Films","url":"https:\/\/2r3f.fr\/","logo":{"@type":"ImageObject","inLanguage":"fr-FR","@id":"https:\/\/2r3f.fr\/#\/schema\/logo\/image\/","url":"https:\/\/2r3f.fr\/wp-content\/uploads\/2023\/06\/cropped-logo-vers-2.png","contentUrl":"https:\/\/2r3f.fr\/wp-content\/uploads\/2023\/06\/cropped-logo-vers-2.png","width":1098,"height":435,"caption":"2R3F R\u00e9seau de Recherche Fran\u00e7ais sur les Festivals de Films"},"image":{"@id":"https:\/\/2r3f.fr\/#\/schema\/logo\/image\/"},"sameAs":["https:\/\/www.facebook.com\/profile.php?id=100093713633073","https:\/\/www.instagram.com\/_2r3f_\/","https:\/\/www.linkedin.com\/company\/2r3f-rseau-de-recherche-franais-sur-les-festivals-de-film\/about\/?viewAsMember=true"]}]}},"_links":{"self":[{"href":"https:\/\/2r3f.fr\/index.php\/wp-json\/wp\/v2\/pages\/27","targetHints":{"allow":["GET"]}}],"collection":[{"href":"https:\/\/2r3f.fr\/index.php\/wp-json\/wp\/v2\/pages"}],"about":[{"href":"https:\/\/2r3f.fr\/index.php\/wp-json\/wp\/v2\/types\/page"}],"author":[{"embeddable":true,"href":"https:\/\/2r3f.fr\/index.php\/wp-json\/wp\/v2\/users\/1"}],"replies":[{"embeddable":true,"href":"https:\/\/2r3f.fr\/index.php\/wp-json\/wp\/v2\/comments?post=27"}],"version-history":[{"count":12,"href":"https:\/\/2r3f.fr\/index.php\/wp-json\/wp\/v2\/pages\/27\/revisions"}],"predecessor-version":[{"id":509,"href":"https:\/\/2r3f.fr\/index.php\/wp-json\/wp\/v2\/pages\/27\/revisions\/509"}],"wp:attachment":[{"href":"https:\/\/2r3f.fr\/index.php\/wp-json\/wp\/v2\/media?parent=27"}],"curies":[{"name":"wp","href":"https:\/\/api.w.org\/{rel}","templated":true}]}}