{"id":33,"date":"2023-06-23T09:06:00","date_gmt":"2023-06-23T07:06:00","guid":{"rendered":"http:\/\/2r3f.fr\/?page_id=33"},"modified":"2026-03-03T16:09:12","modified_gmt":"2026-03-03T15:09:12","slug":"actualites","status":"publish","type":"page","link":"https:\/\/2r3f.fr\/index.php\/actualites\/","title":{"rendered":"Actualit\u00e9s"},"content":{"rendered":"\n<p>Nous avons le plaisir de vous annoncer la parution des deux num\u00e9ros 27 et 28 de <em>Cahiers des Champs visuels<\/em> d\u00e9di\u00e9s aux festivals des films.<\/p>\n\n\n\n<ol class=\"wp-block-list\">\n<li><strong>Festivals et dynamiques cin\u00e9matographiques transnationales<\/strong>, <strong><em>Cahiers des Champs visuels <\/em>n\u00b0 27<\/strong><\/li>\n<\/ol>\n\n\n\n<figure class=\"wp-block-image size-large\"><img loading=\"lazy\" decoding=\"async\" width=\"643\" height=\"1024\" src=\"https:\/\/2r3f.fr\/wp-content\/uploads\/2026\/03\/CCV-1-643x1024.jpg\" alt=\"\" class=\"wp-image-963\" srcset=\"https:\/\/2r3f.fr\/wp-content\/uploads\/2026\/03\/CCV-1-643x1024.jpg 643w, https:\/\/2r3f.fr\/wp-content\/uploads\/2026\/03\/CCV-1-188x300.jpg 188w, https:\/\/2r3f.fr\/wp-content\/uploads\/2026\/03\/CCV-1.jpg 708w\" sizes=\"auto, (max-width: 643px) 100vw, 643px\" \/><\/figure>\n\n\n\n<p><a href=\"https:\/\/www.editions-harmattan.fr\/catalogue\/livre\/festivals-et-dynamiques-cinematographiques-transnationales\/77311\">https:\/\/www.editions-harmattan.fr\/catalogue\/livre\/festivals-et-dynamiques-cinematographiques-transnationales\/77311<\/a><\/p>\n\n\n\n<p>Organis\u00e9 en deux volumes, le dossier de la revue <em>Cahiers de<\/em> <em>Champs visuels<\/em> issu du colloque \u00ab&nbsp;Festivals et dynamiques cin\u00e9matographiques transnationales. Formes de production, de circulation et de repr\u00e9sentation&nbsp;\u00bb, qui a eu lieu \u00e0 Toulouse en 2022, entend poser un jalon important dans la structuration des <em>Film Festival Studies<\/em> en France. Il offre des travaux qui multiplient les cadres d\u2019analyse au service de l&rsquo;interdisciplinarit\u00e9 et de la transculturalit\u00e9 de la recherche sur les festivals de cin\u00e9ma tout en contribuant \u00e0 contribuer \u00e0 la dynamisation du champ des \u00e9tudes sur les festivals de films en France et \u00e0 l\u2019international. En croisant des approches micros et des approches plus globales, <a>c<\/a>e premier volume soul\u00e8ve des probl\u00e9matiques articul\u00e9es autour des th\u00e8mes suivants&nbsp;: le rapport entre festivals et march\u00e9, la circulation des films et les rapports complexes que les festivals de films entretiennent entre ancrage local et national et ouverture internationale, la l\u00e9gitimation et la canonisation des films et des cin\u00e9astes, la question des acteurs multiples qui participent des dynamiques festivali\u00e8res et de processus de l\u00e9gitimation des films et des cin\u00e9astes et, enfin, le questionnement m\u00e9thodologique et \u00e9pist\u00e9mologique propre aux \u00e9tudes sur les festivals de films.<\/p>\n\n\n\n<p>2. <strong><em>Cin\u00e9mas nationaux et dynamiques transnationales<\/em><\/strong>, <strong><em>Cahiers des Champs visuels <\/em>n\u00b0 28<\/strong><\/p>\n\n\n\n<figure class=\"wp-block-image size-full\"><img loading=\"lazy\" decoding=\"async\" width=\"558\" height=\"890\" src=\"https:\/\/2r3f.fr\/wp-content\/uploads\/2026\/03\/CCV2.jpg\" alt=\"\" class=\"wp-image-964\" srcset=\"https:\/\/2r3f.fr\/wp-content\/uploads\/2026\/03\/CCV2.jpg 558w, https:\/\/2r3f.fr\/wp-content\/uploads\/2026\/03\/CCV2-188x300.jpg 188w\" sizes=\"auto, (max-width: 558px) 100vw, 558px\" \/><\/figure>\n\n\n\n<p><a href=\"https:\/\/www.editions-harmattan.fr\/catalogue\/livre\/cinemas-nationaux-et-dynamiques-transnationales\/79598\">https:\/\/www.editions-harmattan.fr\/catalogue\/livre\/cinemas-nationaux-et-dynamiques-transnationales\/79598<\/a><\/p>\n\n\n\n<p>Si le num\u00e9ro 27 des <em>Cahiers de<\/em> <em>Champs visuels<\/em> a r\u00e9uni des contributions qui d\u00e9cryptent les enjeux \u00e9conomiques, culturels, g\u00e9opolitiques et diplomatiques propres aux circuits des festivals de films, tout en croisant la question des \u00ab dynamiques transnationales \u00bb, ce num\u00e9ro rassemble des recherches r\u00e9alis\u00e9es en France et dans des universit\u00e9s \u00e9trang\u00e8res sur des cin\u00e9mas nationaux de plusieurs pays. La tentative de r\u00e9unir plusieurs dynamiques nationales dans une perspective transnationale rend compte des aspects communs \u00e0 la production cin\u00e9matographique contemporaine \u00e0 vis\u00e9e internationale dans des pays comme la Colombie, le Chili, le Liban, la Tunisie, le Maroc, la Syrie et le Rwanda. Les diff\u00e9rentes contributions permettent de voir, d\u2019une part, combien la question transnationale dans le champ des \u00e9tudes sur les cin\u00e9mas contemporains peut \u00eatre reli\u00e9e \u00e0 celle des dynamiques de production \u00e0 la fois des cin\u00e9mas nationaux et du cin\u00e9ma d\u2019auteur au sein du Sud global\u00a0; d\u2019autre part, de saisir cet espace transnational complexe o\u00f9 se jouent \u00e0 la fois la communication interculturelle, des conventions esth\u00e9tiques, des r\u00e9seaux de relations de coop\u00e9ration et des rapports asym\u00e9triques entre des nations.<\/p>\n\n\n\n<p class=\"has-text-align-center\">* * * * * <\/p>\n\n\n\n<p>Les <strong>7 et 8 octobre 2024<\/strong>, le r\u00e9seau 2R3F organisera \u00e0 Nice son premier colloque, qui s&rsquo;intitulera : \u00ab\u00a0<strong>Penser les festivals de films. Approches universitaires, institutionnelles et professionnelles : regards crois\u00e9s<\/strong>\u00ab\u00a0. N&rsquo;h\u00e9sitez pas \u00e0 consulter <strong><a href=\"https:\/\/2r3f.fr\/index.php\/appel-a-communications-colloque-2r3f-nice-7-8-octobre-2024\/\">l&rsquo;appel \u00e0 communication<\/a><\/strong>, vos propositions d&rsquo;intervention sont les bienvenues !<\/p>\n\n\n\n<p class=\"has-text-align-center\">* * * * *<\/p>\n\n\n\n<p>Mars 2024 : parution de <em>Films, festivals et mondes contemporains. Pour une anthropologie du visuel<\/em>, aux \u00c9ditions Peter Lang. L&rsquo;ouvrage est dirig\u00e9 par Julie Amiot-Guillouet, Pietsie Feenstra et Julie Savelli. <\/p>\n","protected":false},"excerpt":{"rendered":"<p>Nous avons le plaisir de vous annoncer la parution des deux num\u00e9ros 27 et 28 de Cahiers des Champs visuels d\u00e9di\u00e9s aux festivals des films. https:\/\/www.editions-harmattan.fr\/catalogue\/livre\/festivals-et-dynamiques-cinematographiques-transnationales\/77311 Organis\u00e9 en deux volumes, [&hellip;]<\/p>\n","protected":false},"author":1,"featured_media":0,"parent":0,"menu_order":0,"comment_status":"closed","ping_status":"closed","template":"","meta":{"site-sidebar-layout":"default","site-content-layout":"","ast-site-content-layout":"default","site-content-style":"default","site-sidebar-style":"default","ast-global-header-display":"","ast-banner-title-visibility":"","ast-main-header-display":"","ast-hfb-above-header-display":"","ast-hfb-below-header-display":"","ast-hfb-mobile-header-display":"","site-post-title":"","ast-breadcrumbs-content":"","ast-featured-img":"","footer-sml-layout":"","theme-transparent-header-meta":"","adv-header-id-meta":"","stick-header-meta":"","header-above-stick-meta":"","header-main-stick-meta":"","header-below-stick-meta":"","astra-migrate-meta-layouts":"set","ast-page-background-enabled":"default","ast-page-background-meta":{"desktop":{"background-color":"var(--ast-global-color-4)","background-image":"","background-repeat":"repeat","background-position":"center center","background-size":"auto","background-attachment":"scroll","background-type":"","background-media":"","overlay-type":"","overlay-color":"","overlay-opacity":"","overlay-gradient":""},"tablet":{"background-color":"","background-image":"","background-repeat":"repeat","background-position":"center center","background-size":"auto","background-attachment":"scroll","background-type":"","background-media":"","overlay-type":"","overlay-color":"","overlay-opacity":"","overlay-gradient":""},"mobile":{"background-color":"","background-image":"","background-repeat":"repeat","background-position":"center center","background-size":"auto","background-attachment":"scroll","background-type":"","background-media":"","overlay-type":"","overlay-color":"","overlay-opacity":"","overlay-gradient":""}},"ast-content-background-meta":{"desktop":{"background-color":"var(--ast-global-color-5)","background-image":"","background-repeat":"repeat","background-position":"center center","background-size":"auto","background-attachment":"scroll","background-type":"","background-media":"","overlay-type":"","overlay-color":"","overlay-opacity":"","overlay-gradient":""},"tablet":{"background-color":"var(--ast-global-color-5)","background-image":"","background-repeat":"repeat","background-position":"center center","background-size":"auto","background-attachment":"scroll","background-type":"","background-media":"","overlay-type":"","overlay-color":"","overlay-opacity":"","overlay-gradient":""},"mobile":{"background-color":"var(--ast-global-color-5)","background-image":"","background-repeat":"repeat","background-position":"center center","background-size":"auto","background-attachment":"scroll","background-type":"","background-media":"","overlay-type":"","overlay-color":"","overlay-opacity":"","overlay-gradient":""}},"footnotes":""},"class_list":["post-33","page","type-page","status-publish","hentry"],"yoast_head":"<!-- This site is optimized with the Yoast SEO plugin v27.0 - https:\/\/yoast.com\/product\/yoast-seo-wordpress\/ -->\n<title>Actualit\u00e9s - R\u00e9seau de Recherche Fran\u00e7ais sur les Festivals de Film<\/title>\n<meta name=\"robots\" content=\"index, follow, max-snippet:-1, max-image-preview:large, max-video-preview:-1\" \/>\n<link rel=\"canonical\" href=\"https:\/\/2r3f.fr\/index.php\/actualites\/\" \/>\n<meta property=\"og:locale\" content=\"fr_FR\" \/>\n<meta property=\"og:type\" content=\"article\" \/>\n<meta property=\"og:title\" content=\"Actualit\u00e9s - R\u00e9seau de Recherche Fran\u00e7ais sur les Festivals de Film\" \/>\n<meta property=\"og:description\" content=\"Nous avons le plaisir de vous annoncer la parution des deux num\u00e9ros 27 et 28 de Cahiers des Champs visuels d\u00e9di\u00e9s aux festivals des films. https:\/\/www.editions-harmattan.fr\/catalogue\/livre\/festivals-et-dynamiques-cinematographiques-transnationales\/77311 Organis\u00e9 en deux volumes, [&hellip;]\" \/>\n<meta property=\"og:url\" content=\"https:\/\/2r3f.fr\/index.php\/actualites\/\" \/>\n<meta property=\"og:site_name\" content=\"R\u00e9seau de Recherche Fran\u00e7ais sur les Festivals de Film\" \/>\n<meta property=\"article:publisher\" content=\"https:\/\/www.facebook.com\/profile.php?id=100093713633073\" \/>\n<meta property=\"article:modified_time\" content=\"2026-03-03T15:09:12+00:00\" \/>\n<meta property=\"og:image\" content=\"https:\/\/2r3f.fr\/wp-content\/uploads\/2026\/03\/CCV-1.jpg\" \/>\n\t<meta property=\"og:image:width\" content=\"708\" \/>\n\t<meta property=\"og:image:height\" content=\"1128\" \/>\n\t<meta property=\"og:image:type\" content=\"image\/jpeg\" \/>\n<meta name=\"twitter:card\" content=\"summary_large_image\" \/>\n<meta name=\"twitter:label1\" content=\"Dur\u00e9e de lecture estim\u00e9e\" \/>\n\t<meta name=\"twitter:data1\" content=\"3 minutes\" \/>\n<script type=\"application\/ld+json\" class=\"yoast-schema-graph\">{\"@context\":\"https:\/\/schema.org\",\"@graph\":[{\"@type\":\"WebPage\",\"@id\":\"https:\/\/2r3f.fr\/index.php\/actualites\/\",\"url\":\"https:\/\/2r3f.fr\/index.php\/actualites\/\",\"name\":\"Actualit\u00e9s - R\u00e9seau de Recherche Fran\u00e7ais sur les Festivals de Film\",\"isPartOf\":{\"@id\":\"https:\/\/2r3f.fr\/#website\"},\"primaryImageOfPage\":{\"@id\":\"https:\/\/2r3f.fr\/index.php\/actualites\/#primaryimage\"},\"image\":{\"@id\":\"https:\/\/2r3f.fr\/index.php\/actualites\/#primaryimage\"},\"thumbnailUrl\":\"https:\/\/2r3f.fr\/wp-content\/uploads\/2026\/03\/CCV-1-643x1024.jpg\",\"datePublished\":\"2023-06-23T07:06:00+00:00\",\"dateModified\":\"2026-03-03T15:09:12+00:00\",\"breadcrumb\":{\"@id\":\"https:\/\/2r3f.fr\/index.php\/actualites\/#breadcrumb\"},\"inLanguage\":\"fr-FR\",\"potentialAction\":[{\"@type\":\"ReadAction\",\"target\":[\"https:\/\/2r3f.fr\/index.php\/actualites\/\"]}]},{\"@type\":\"ImageObject\",\"inLanguage\":\"fr-FR\",\"@id\":\"https:\/\/2r3f.fr\/index.php\/actualites\/#primaryimage\",\"url\":\"https:\/\/2r3f.fr\/wp-content\/uploads\/2026\/03\/CCV-1.jpg\",\"contentUrl\":\"https:\/\/2r3f.fr\/wp-content\/uploads\/2026\/03\/CCV-1.jpg\",\"width\":708,\"height\":1128},{\"@type\":\"BreadcrumbList\",\"@id\":\"https:\/\/2r3f.fr\/index.php\/actualites\/#breadcrumb\",\"itemListElement\":[{\"@type\":\"ListItem\",\"position\":1,\"name\":\"Accueil\",\"item\":\"https:\/\/2r3f.fr\/\"},{\"@type\":\"ListItem\",\"position\":2,\"name\":\"Actualit\u00e9s\"}]},{\"@type\":\"WebSite\",\"@id\":\"https:\/\/2r3f.fr\/#website\",\"url\":\"https:\/\/2r3f.fr\/\",\"name\":\"2R3F - R\u00e9seau de Recherche Fran\u00e7ais sur les Festivals de Films\",\"description\":\"2R3F - R\u00e9seau de Recherche Fran\u00e7ais sur les Festivals de Films festivals de film\",\"publisher\":{\"@id\":\"https:\/\/2r3f.fr\/#organization\"},\"potentialAction\":[{\"@type\":\"SearchAction\",\"target\":{\"@type\":\"EntryPoint\",\"urlTemplate\":\"https:\/\/2r3f.fr\/?s={search_term_string}\"},\"query-input\":{\"@type\":\"PropertyValueSpecification\",\"valueRequired\":true,\"valueName\":\"search_term_string\"}}],\"inLanguage\":\"fr-FR\"},{\"@type\":\"Organization\",\"@id\":\"https:\/\/2r3f.fr\/#organization\",\"name\":\"2R3F R\u00e9seau de Recherche Fran\u00e7ais sur les Festivals de Films\",\"url\":\"https:\/\/2r3f.fr\/\",\"logo\":{\"@type\":\"ImageObject\",\"inLanguage\":\"fr-FR\",\"@id\":\"https:\/\/2r3f.fr\/#\/schema\/logo\/image\/\",\"url\":\"https:\/\/2r3f.fr\/wp-content\/uploads\/2023\/06\/cropped-logo-vers-2.png\",\"contentUrl\":\"https:\/\/2r3f.fr\/wp-content\/uploads\/2023\/06\/cropped-logo-vers-2.png\",\"width\":1098,\"height\":435,\"caption\":\"2R3F R\u00e9seau de Recherche Fran\u00e7ais sur les Festivals de Films\"},\"image\":{\"@id\":\"https:\/\/2r3f.fr\/#\/schema\/logo\/image\/\"},\"sameAs\":[\"https:\/\/www.facebook.com\/profile.php?id=100093713633073\",\"https:\/\/www.instagram.com\/_2r3f_\/\",\"https:\/\/www.linkedin.com\/company\/2r3f-rseau-de-recherche-franais-sur-les-festivals-de-film\/about\/?viewAsMember=true\"]}]}<\/script>\n<!-- \/ Yoast SEO plugin. -->","yoast_head_json":{"title":"Actualit\u00e9s - R\u00e9seau de Recherche Fran\u00e7ais sur les Festivals de Film","robots":{"index":"index","follow":"follow","max-snippet":"max-snippet:-1","max-image-preview":"max-image-preview:large","max-video-preview":"max-video-preview:-1"},"canonical":"https:\/\/2r3f.fr\/index.php\/actualites\/","og_locale":"fr_FR","og_type":"article","og_title":"Actualit\u00e9s - R\u00e9seau de Recherche Fran\u00e7ais sur les Festivals de Film","og_description":"Nous avons le plaisir de vous annoncer la parution des deux num\u00e9ros 27 et 28 de Cahiers des Champs visuels d\u00e9di\u00e9s aux festivals des films. https:\/\/www.editions-harmattan.fr\/catalogue\/livre\/festivals-et-dynamiques-cinematographiques-transnationales\/77311 Organis\u00e9 en deux volumes, [&hellip;]","og_url":"https:\/\/2r3f.fr\/index.php\/actualites\/","og_site_name":"R\u00e9seau de Recherche Fran\u00e7ais sur les Festivals de Film","article_publisher":"https:\/\/www.facebook.com\/profile.php?id=100093713633073","article_modified_time":"2026-03-03T15:09:12+00:00","og_image":[{"width":708,"height":1128,"url":"https:\/\/2r3f.fr\/wp-content\/uploads\/2026\/03\/CCV-1.jpg","type":"image\/jpeg"}],"twitter_card":"summary_large_image","twitter_misc":{"Dur\u00e9e de lecture estim\u00e9e":"3 minutes"},"schema":{"@context":"https:\/\/schema.org","@graph":[{"@type":"WebPage","@id":"https:\/\/2r3f.fr\/index.php\/actualites\/","url":"https:\/\/2r3f.fr\/index.php\/actualites\/","name":"Actualit\u00e9s - R\u00e9seau de Recherche Fran\u00e7ais sur les Festivals de Film","isPartOf":{"@id":"https:\/\/2r3f.fr\/#website"},"primaryImageOfPage":{"@id":"https:\/\/2r3f.fr\/index.php\/actualites\/#primaryimage"},"image":{"@id":"https:\/\/2r3f.fr\/index.php\/actualites\/#primaryimage"},"thumbnailUrl":"https:\/\/2r3f.fr\/wp-content\/uploads\/2026\/03\/CCV-1-643x1024.jpg","datePublished":"2023-06-23T07:06:00+00:00","dateModified":"2026-03-03T15:09:12+00:00","breadcrumb":{"@id":"https:\/\/2r3f.fr\/index.php\/actualites\/#breadcrumb"},"inLanguage":"fr-FR","potentialAction":[{"@type":"ReadAction","target":["https:\/\/2r3f.fr\/index.php\/actualites\/"]}]},{"@type":"ImageObject","inLanguage":"fr-FR","@id":"https:\/\/2r3f.fr\/index.php\/actualites\/#primaryimage","url":"https:\/\/2r3f.fr\/wp-content\/uploads\/2026\/03\/CCV-1.jpg","contentUrl":"https:\/\/2r3f.fr\/wp-content\/uploads\/2026\/03\/CCV-1.jpg","width":708,"height":1128},{"@type":"BreadcrumbList","@id":"https:\/\/2r3f.fr\/index.php\/actualites\/#breadcrumb","itemListElement":[{"@type":"ListItem","position":1,"name":"Accueil","item":"https:\/\/2r3f.fr\/"},{"@type":"ListItem","position":2,"name":"Actualit\u00e9s"}]},{"@type":"WebSite","@id":"https:\/\/2r3f.fr\/#website","url":"https:\/\/2r3f.fr\/","name":"2R3F - R\u00e9seau de Recherche Fran\u00e7ais sur les Festivals de Films","description":"2R3F - R\u00e9seau de Recherche Fran\u00e7ais sur les Festivals de Films festivals de film","publisher":{"@id":"https:\/\/2r3f.fr\/#organization"},"potentialAction":[{"@type":"SearchAction","target":{"@type":"EntryPoint","urlTemplate":"https:\/\/2r3f.fr\/?s={search_term_string}"},"query-input":{"@type":"PropertyValueSpecification","valueRequired":true,"valueName":"search_term_string"}}],"inLanguage":"fr-FR"},{"@type":"Organization","@id":"https:\/\/2r3f.fr\/#organization","name":"2R3F R\u00e9seau de Recherche Fran\u00e7ais sur les Festivals de Films","url":"https:\/\/2r3f.fr\/","logo":{"@type":"ImageObject","inLanguage":"fr-FR","@id":"https:\/\/2r3f.fr\/#\/schema\/logo\/image\/","url":"https:\/\/2r3f.fr\/wp-content\/uploads\/2023\/06\/cropped-logo-vers-2.png","contentUrl":"https:\/\/2r3f.fr\/wp-content\/uploads\/2023\/06\/cropped-logo-vers-2.png","width":1098,"height":435,"caption":"2R3F R\u00e9seau de Recherche Fran\u00e7ais sur les Festivals de Films"},"image":{"@id":"https:\/\/2r3f.fr\/#\/schema\/logo\/image\/"},"sameAs":["https:\/\/www.facebook.com\/profile.php?id=100093713633073","https:\/\/www.instagram.com\/_2r3f_\/","https:\/\/www.linkedin.com\/company\/2r3f-rseau-de-recherche-franais-sur-les-festivals-de-film\/about\/?viewAsMember=true"]}]}},"_links":{"self":[{"href":"https:\/\/2r3f.fr\/index.php\/wp-json\/wp\/v2\/pages\/33","targetHints":{"allow":["GET"]}}],"collection":[{"href":"https:\/\/2r3f.fr\/index.php\/wp-json\/wp\/v2\/pages"}],"about":[{"href":"https:\/\/2r3f.fr\/index.php\/wp-json\/wp\/v2\/types\/page"}],"author":[{"embeddable":true,"href":"https:\/\/2r3f.fr\/index.php\/wp-json\/wp\/v2\/users\/1"}],"replies":[{"embeddable":true,"href":"https:\/\/2r3f.fr\/index.php\/wp-json\/wp\/v2\/comments?post=33"}],"version-history":[{"count":16,"href":"https:\/\/2r3f.fr\/index.php\/wp-json\/wp\/v2\/pages\/33\/revisions"}],"predecessor-version":[{"id":967,"href":"https:\/\/2r3f.fr\/index.php\/wp-json\/wp\/v2\/pages\/33\/revisions\/967"}],"wp:attachment":[{"href":"https:\/\/2r3f.fr\/index.php\/wp-json\/wp\/v2\/media?parent=33"}],"curies":[{"name":"wp","href":"https:\/\/api.w.org\/{rel}","templated":true}]}}