{"id":708,"date":"2023-11-10T09:57:08","date_gmt":"2023-11-10T08:57:08","guid":{"rendered":"https:\/\/2r3f.fr\/?page_id=708"},"modified":"2023-11-10T10:06:46","modified_gmt":"2023-11-10T09:06:46","slug":"rencontre-2r3f3-avec-ana-vinuela","status":"publish","type":"page","link":"https:\/\/2r3f.fr\/index.php\/rencontre-2r3f3-avec-ana-vinuela\/","title":{"rendered":"Rencontre 2r3f#3 avec ana vinuela"},"content":{"rendered":"\n<p><strong>15 d\u00e9cembre 2023 (en ligne)<\/strong><\/p>\n\n\n\n<p><strong><em>Le \u00ab&nbsp;film de festival&nbsp;\u00bb dans les dynamiques de la globalisation culturelle<\/em><\/strong><\/p>\n\n\n\n<p>La pr\u00e9sentation cherche \u00e0 interroger la valeur heuristique de la notion de \u00ab&nbsp;film de festival&nbsp;\u00bb dans la compr\u00e9hension des dynamiques contemporaines qui structurent la globalisation du cin\u00e9ma ind\u00e9pendant. Le \u00ab&nbsp;film de festival&nbsp;\u00bb est ici envisag\u00e9 comme le r\u00e9sultat de la conjonction de trois ph\u00e9nom\u00e8nes qui se g\u00e9n\u00e9ralisent d\u00e8s les ann\u00e9es 2000, acc\u00e9l\u00e9rant l\u2019int\u00e9gration d\u2019un pan important de la production cin\u00e9matographique mondialdans un march\u00e9 \u00e0 dimension plan\u00e9taire&nbsp;: la mont\u00e9e en puissance du pouvoir prescriptif des festivals<em>, <\/em>la multiplication de fonds de soutien \u00e0 la coproduction internationale et la consolidation du m\u00e9tier de vendeur international de films d\u2019auteur. Plus r\u00e9cemment, la pr\u00e9sentation \u00e9ditorialis\u00e9e de ces productions sur des plateformes de VOD constitue un apport majeur \u00e0 la construction de la notion de \u00ab&nbsp;film de festival&nbsp;\u00bb. Je propose de discuter cette notion \u00e0 la lumi\u00e8re de ses caract\u00e9ristiques socio-\u00e9conomiques et de l\u2019analyse des dispositifs et des op\u00e9rations qui interviennent au sein de l\u2019\u00e9cosyst\u00e8me festivalier pour attribuer les qualit\u00e9s qui font de cet objet un bien marchand.<\/p>\n\n\n\n<p><strong>Ana Vinuela<\/strong> est ma\u00eetre de conf\u00e9rences en Sciences de l\u2019information et de la communication au d\u00e9partement Cin\u00e9ma et audiovisuel de l\u2019Universit\u00e9 Sorbonne Nouvelle et membre de l\u2019IRCAV (Institut de recherche sur le cin\u00e9ma et l\u2019audiovisuel). Ses recherches portent sur les logiques des acteurs politico-institutionnels et la mani\u00e8re dont leurs interventions structurent et accompagnent les transformations des industries et des march\u00e9s de l\u2019audiovisuel. Elle s\u2019int\u00e9resse aussi aux strat\u00e9gies et aux pratiques de plusieurs cat\u00e9gories d\u2019interm\u00e9diaires culturels : producteurs, distributeurs, vendeurs internationaux, agr\u00e9gateurs et plateformes num\u00e9riques et leur relation avec les festivals de cin\u00e9ma.   <\/p>\n\n\n\n<p>Pour assister \u00e0 la rencontre, rendez-vous \u00e0 14h sur le lien Zoom suivant&nbsp;:<\/p>\n\n\n\n<p><a href=\"https:\/\/univ-cotedazur.zoom.us\/j\/83189733865?pwd=c3ErcVhQV3hoUkYxUkxRc0JQR0pEUT09\">https:\/\/univ-cotedazur.zoom.us\/j\/83189733865?pwd=c3ErcVhQV3hoUkYxUkxRc0JQR0pEUT09<\/a><\/p>\n\n\n\n<p>ID de r\u00e9union\u00a0: 831 8973 3865<\/p>\n\n\n\n<p>Code secret\u00a0: 877879<\/p>\n","protected":false},"excerpt":{"rendered":"<p>15 d\u00e9cembre 2023 (en ligne) Le \u00ab&nbsp;film de festival&nbsp;\u00bb dans les dynamiques de la globalisation culturelle La pr\u00e9sentation cherche \u00e0 interroger la valeur heuristique de la notion de \u00ab&nbsp;film de [&hellip;]<\/p>\n","protected":false},"author":1,"featured_media":0,"parent":0,"menu_order":0,"comment_status":"closed","ping_status":"closed","template":"","meta":{"site-sidebar-layout":"default","site-content-layout":"","ast-site-content-layout":"default","site-content-style":"default","site-sidebar-style":"default","ast-global-header-display":"","ast-banner-title-visibility":"","ast-main-header-display":"","ast-hfb-above-header-display":"","ast-hfb-below-header-display":"","ast-hfb-mobile-header-display":"","site-post-title":"","ast-breadcrumbs-content":"","ast-featured-img":"","footer-sml-layout":"","theme-transparent-header-meta":"","adv-header-id-meta":"","stick-header-meta":"","header-above-stick-meta":"","header-main-stick-meta":"","header-below-stick-meta":"","astra-migrate-meta-layouts":"set","ast-page-background-enabled":"default","ast-page-background-meta":{"desktop":{"background-color":"var(--ast-global-color-4)","background-image":"","background-repeat":"repeat","background-position":"center center","background-size":"auto","background-attachment":"scroll","background-type":"","background-media":"","overlay-type":"","overlay-color":"","overlay-opacity":"","overlay-gradient":""},"tablet":{"background-color":"","background-image":"","background-repeat":"repeat","background-position":"center center","background-size":"auto","background-attachment":"scroll","background-type":"","background-media":"","overlay-type":"","overlay-color":"","overlay-opacity":"","overlay-gradient":""},"mobile":{"background-color":"","background-image":"","background-repeat":"repeat","background-position":"center center","background-size":"auto","background-attachment":"scroll","background-type":"","background-media":"","overlay-type":"","overlay-color":"","overlay-opacity":"","overlay-gradient":""}},"ast-content-background-meta":{"desktop":{"background-color":"var(--ast-global-color-5)","background-image":"","background-repeat":"repeat","background-position":"center center","background-size":"auto","background-attachment":"scroll","background-type":"","background-media":"","overlay-type":"","overlay-color":"","overlay-opacity":"","overlay-gradient":""},"tablet":{"background-color":"var(--ast-global-color-5)","background-image":"","background-repeat":"repeat","background-position":"center center","background-size":"auto","background-attachment":"scroll","background-type":"","background-media":"","overlay-type":"","overlay-color":"","overlay-opacity":"","overlay-gradient":""},"mobile":{"background-color":"var(--ast-global-color-5)","background-image":"","background-repeat":"repeat","background-position":"center center","background-size":"auto","background-attachment":"scroll","background-type":"","background-media":"","overlay-type":"","overlay-color":"","overlay-opacity":"","overlay-gradient":""}},"footnotes":""},"class_list":["post-708","page","type-page","status-publish","hentry"],"yoast_head":"<!-- This site is optimized with the Yoast SEO plugin v27.0 - https:\/\/yoast.com\/product\/yoast-seo-wordpress\/ -->\n<title>Rencontre 2r3f#3 avec ana vinuela - R\u00e9seau de Recherche Fran\u00e7ais sur les Festivals de Film<\/title>\n<meta name=\"robots\" content=\"index, follow, max-snippet:-1, max-image-preview:large, max-video-preview:-1\" \/>\n<link rel=\"canonical\" href=\"https:\/\/2r3f.fr\/index.php\/rencontre-2r3f3-avec-ana-vinuela\/\" \/>\n<meta property=\"og:locale\" content=\"fr_FR\" \/>\n<meta property=\"og:type\" content=\"article\" \/>\n<meta property=\"og:title\" content=\"Rencontre 2r3f#3 avec ana vinuela - R\u00e9seau de Recherche Fran\u00e7ais sur les Festivals de Film\" \/>\n<meta property=\"og:description\" content=\"15 d\u00e9cembre 2023 (en ligne) Le \u00ab&nbsp;film de festival&nbsp;\u00bb dans les dynamiques de la globalisation culturelle La pr\u00e9sentation cherche \u00e0 interroger la valeur heuristique de la notion de \u00ab&nbsp;film de [&hellip;]\" \/>\n<meta property=\"og:url\" content=\"https:\/\/2r3f.fr\/index.php\/rencontre-2r3f3-avec-ana-vinuela\/\" \/>\n<meta property=\"og:site_name\" content=\"R\u00e9seau de Recherche Fran\u00e7ais sur les Festivals de Film\" \/>\n<meta property=\"article:publisher\" content=\"https:\/\/www.facebook.com\/profile.php?id=100093713633073\" \/>\n<meta property=\"article:modified_time\" content=\"2023-11-10T09:06:46+00:00\" \/>\n<meta name=\"twitter:card\" content=\"summary_large_image\" \/>\n<meta name=\"twitter:label1\" content=\"Dur\u00e9e de lecture estim\u00e9e\" \/>\n\t<meta name=\"twitter:data1\" content=\"2 minutes\" \/>\n<script type=\"application\/ld+json\" class=\"yoast-schema-graph\">{\"@context\":\"https:\/\/schema.org\",\"@graph\":[{\"@type\":\"WebPage\",\"@id\":\"https:\/\/2r3f.fr\/index.php\/rencontre-2r3f3-avec-ana-vinuela\/\",\"url\":\"https:\/\/2r3f.fr\/index.php\/rencontre-2r3f3-avec-ana-vinuela\/\",\"name\":\"Rencontre 2r3f#3 avec ana vinuela - R\u00e9seau de Recherche Fran\u00e7ais sur les Festivals de Film\",\"isPartOf\":{\"@id\":\"https:\/\/2r3f.fr\/#website\"},\"datePublished\":\"2023-11-10T08:57:08+00:00\",\"dateModified\":\"2023-11-10T09:06:46+00:00\",\"breadcrumb\":{\"@id\":\"https:\/\/2r3f.fr\/index.php\/rencontre-2r3f3-avec-ana-vinuela\/#breadcrumb\"},\"inLanguage\":\"fr-FR\",\"potentialAction\":[{\"@type\":\"ReadAction\",\"target\":[\"https:\/\/2r3f.fr\/index.php\/rencontre-2r3f3-avec-ana-vinuela\/\"]}]},{\"@type\":\"BreadcrumbList\",\"@id\":\"https:\/\/2r3f.fr\/index.php\/rencontre-2r3f3-avec-ana-vinuela\/#breadcrumb\",\"itemListElement\":[{\"@type\":\"ListItem\",\"position\":1,\"name\":\"Accueil\",\"item\":\"https:\/\/2r3f.fr\/\"},{\"@type\":\"ListItem\",\"position\":2,\"name\":\"Rencontre 2r3f#3 avec ana vinuela\"}]},{\"@type\":\"WebSite\",\"@id\":\"https:\/\/2r3f.fr\/#website\",\"url\":\"https:\/\/2r3f.fr\/\",\"name\":\"2R3F - R\u00e9seau de Recherche Fran\u00e7ais sur les Festivals de Films\",\"description\":\"2R3F - R\u00e9seau de Recherche Fran\u00e7ais sur les Festivals de Films festivals de film\",\"publisher\":{\"@id\":\"https:\/\/2r3f.fr\/#organization\"},\"potentialAction\":[{\"@type\":\"SearchAction\",\"target\":{\"@type\":\"EntryPoint\",\"urlTemplate\":\"https:\/\/2r3f.fr\/?s={search_term_string}\"},\"query-input\":{\"@type\":\"PropertyValueSpecification\",\"valueRequired\":true,\"valueName\":\"search_term_string\"}}],\"inLanguage\":\"fr-FR\"},{\"@type\":\"Organization\",\"@id\":\"https:\/\/2r3f.fr\/#organization\",\"name\":\"2R3F R\u00e9seau de Recherche Fran\u00e7ais sur les Festivals de Films\",\"url\":\"https:\/\/2r3f.fr\/\",\"logo\":{\"@type\":\"ImageObject\",\"inLanguage\":\"fr-FR\",\"@id\":\"https:\/\/2r3f.fr\/#\/schema\/logo\/image\/\",\"url\":\"https:\/\/2r3f.fr\/wp-content\/uploads\/2023\/06\/cropped-logo-vers-2.png\",\"contentUrl\":\"https:\/\/2r3f.fr\/wp-content\/uploads\/2023\/06\/cropped-logo-vers-2.png\",\"width\":1098,\"height\":435,\"caption\":\"2R3F R\u00e9seau de Recherche Fran\u00e7ais sur les Festivals de Films\"},\"image\":{\"@id\":\"https:\/\/2r3f.fr\/#\/schema\/logo\/image\/\"},\"sameAs\":[\"https:\/\/www.facebook.com\/profile.php?id=100093713633073\",\"https:\/\/www.instagram.com\/_2r3f_\/\",\"https:\/\/www.linkedin.com\/company\/2r3f-rseau-de-recherche-franais-sur-les-festivals-de-film\/about\/?viewAsMember=true\"]}]}<\/script>\n<!-- \/ Yoast SEO plugin. -->","yoast_head_json":{"title":"Rencontre 2r3f#3 avec ana vinuela - R\u00e9seau de Recherche Fran\u00e7ais sur les Festivals de Film","robots":{"index":"index","follow":"follow","max-snippet":"max-snippet:-1","max-image-preview":"max-image-preview:large","max-video-preview":"max-video-preview:-1"},"canonical":"https:\/\/2r3f.fr\/index.php\/rencontre-2r3f3-avec-ana-vinuela\/","og_locale":"fr_FR","og_type":"article","og_title":"Rencontre 2r3f#3 avec ana vinuela - R\u00e9seau de Recherche Fran\u00e7ais sur les Festivals de Film","og_description":"15 d\u00e9cembre 2023 (en ligne) Le \u00ab&nbsp;film de festival&nbsp;\u00bb dans les dynamiques de la globalisation culturelle La pr\u00e9sentation cherche \u00e0 interroger la valeur heuristique de la notion de \u00ab&nbsp;film de [&hellip;]","og_url":"https:\/\/2r3f.fr\/index.php\/rencontre-2r3f3-avec-ana-vinuela\/","og_site_name":"R\u00e9seau de Recherche Fran\u00e7ais sur les Festivals de Film","article_publisher":"https:\/\/www.facebook.com\/profile.php?id=100093713633073","article_modified_time":"2023-11-10T09:06:46+00:00","twitter_card":"summary_large_image","twitter_misc":{"Dur\u00e9e de lecture estim\u00e9e":"2 minutes"},"schema":{"@context":"https:\/\/schema.org","@graph":[{"@type":"WebPage","@id":"https:\/\/2r3f.fr\/index.php\/rencontre-2r3f3-avec-ana-vinuela\/","url":"https:\/\/2r3f.fr\/index.php\/rencontre-2r3f3-avec-ana-vinuela\/","name":"Rencontre 2r3f#3 avec ana vinuela - R\u00e9seau de Recherche Fran\u00e7ais sur les Festivals de Film","isPartOf":{"@id":"https:\/\/2r3f.fr\/#website"},"datePublished":"2023-11-10T08:57:08+00:00","dateModified":"2023-11-10T09:06:46+00:00","breadcrumb":{"@id":"https:\/\/2r3f.fr\/index.php\/rencontre-2r3f3-avec-ana-vinuela\/#breadcrumb"},"inLanguage":"fr-FR","potentialAction":[{"@type":"ReadAction","target":["https:\/\/2r3f.fr\/index.php\/rencontre-2r3f3-avec-ana-vinuela\/"]}]},{"@type":"BreadcrumbList","@id":"https:\/\/2r3f.fr\/index.php\/rencontre-2r3f3-avec-ana-vinuela\/#breadcrumb","itemListElement":[{"@type":"ListItem","position":1,"name":"Accueil","item":"https:\/\/2r3f.fr\/"},{"@type":"ListItem","position":2,"name":"Rencontre 2r3f#3 avec ana vinuela"}]},{"@type":"WebSite","@id":"https:\/\/2r3f.fr\/#website","url":"https:\/\/2r3f.fr\/","name":"2R3F - R\u00e9seau de Recherche Fran\u00e7ais sur les Festivals de Films","description":"2R3F - R\u00e9seau de Recherche Fran\u00e7ais sur les Festivals de Films festivals de film","publisher":{"@id":"https:\/\/2r3f.fr\/#organization"},"potentialAction":[{"@type":"SearchAction","target":{"@type":"EntryPoint","urlTemplate":"https:\/\/2r3f.fr\/?s={search_term_string}"},"query-input":{"@type":"PropertyValueSpecification","valueRequired":true,"valueName":"search_term_string"}}],"inLanguage":"fr-FR"},{"@type":"Organization","@id":"https:\/\/2r3f.fr\/#organization","name":"2R3F R\u00e9seau de Recherche Fran\u00e7ais sur les Festivals de Films","url":"https:\/\/2r3f.fr\/","logo":{"@type":"ImageObject","inLanguage":"fr-FR","@id":"https:\/\/2r3f.fr\/#\/schema\/logo\/image\/","url":"https:\/\/2r3f.fr\/wp-content\/uploads\/2023\/06\/cropped-logo-vers-2.png","contentUrl":"https:\/\/2r3f.fr\/wp-content\/uploads\/2023\/06\/cropped-logo-vers-2.png","width":1098,"height":435,"caption":"2R3F R\u00e9seau de Recherche Fran\u00e7ais sur les Festivals de Films"},"image":{"@id":"https:\/\/2r3f.fr\/#\/schema\/logo\/image\/"},"sameAs":["https:\/\/www.facebook.com\/profile.php?id=100093713633073","https:\/\/www.instagram.com\/_2r3f_\/","https:\/\/www.linkedin.com\/company\/2r3f-rseau-de-recherche-franais-sur-les-festivals-de-film\/about\/?viewAsMember=true"]}]}},"_links":{"self":[{"href":"https:\/\/2r3f.fr\/index.php\/wp-json\/wp\/v2\/pages\/708","targetHints":{"allow":["GET"]}}],"collection":[{"href":"https:\/\/2r3f.fr\/index.php\/wp-json\/wp\/v2\/pages"}],"about":[{"href":"https:\/\/2r3f.fr\/index.php\/wp-json\/wp\/v2\/types\/page"}],"author":[{"embeddable":true,"href":"https:\/\/2r3f.fr\/index.php\/wp-json\/wp\/v2\/users\/1"}],"replies":[{"embeddable":true,"href":"https:\/\/2r3f.fr\/index.php\/wp-json\/wp\/v2\/comments?post=708"}],"version-history":[{"count":2,"href":"https:\/\/2r3f.fr\/index.php\/wp-json\/wp\/v2\/pages\/708\/revisions"}],"predecessor-version":[{"id":712,"href":"https:\/\/2r3f.fr\/index.php\/wp-json\/wp\/v2\/pages\/708\/revisions\/712"}],"wp:attachment":[{"href":"https:\/\/2r3f.fr\/index.php\/wp-json\/wp\/v2\/media?parent=708"}],"curies":[{"name":"wp","href":"https:\/\/api.w.org\/{rel}","templated":true}]}}