{"id":727,"date":"2023-12-19T09:39:49","date_gmt":"2023-12-19T08:39:49","guid":{"rendered":"https:\/\/2r3f.fr\/?page_id=727"},"modified":"2024-01-26T13:13:58","modified_gmt":"2024-01-26T12:13:58","slug":"rencontre-2r3f4-avec-melanie-le-forestier","status":"publish","type":"page","link":"https:\/\/2r3f.fr\/index.php\/rencontre-2r3f4-avec-melanie-le-forestier\/","title":{"rendered":"Rencontre 2r3f#4 avec M\u00e9lanie Le Forestier\u00a0"},"content":{"rendered":"\n<p><strong>26 janvier 2024 (en ligne)<\/strong><\/p>\n\n\n\n<p><strong><em>Festivals de cin\u00e9ma en Inde : lieux de contre-pouvoir<\/em><\/strong><\/p>\n\n\n\n<p>Ma recherche interroge le r\u00f4le des festivals de cin\u00e9ma dans la configuration d&rsquo;un cin\u00e9ma ind\u00e9pendant en Inde. Si l&rsquo;ensemble de la cha\u00eene de vie d&rsquo;un film est source de difficult\u00e9s pour les cin\u00e9astes indiens ind\u00e9pendants, dans une industrie cin\u00e9matographique largement domin\u00e9e par le cin\u00e9ma bollywoodien, la distribution est souvent pr\u00e9sent\u00e9e comme le principal d\u00e9fi \u00e0 surmonter tant la concurrence est rude pour acc\u00e9der aux salles de cin\u00e9ma indiennes. Apr\u00e8s avoir montr\u00e9, dans une pr\u00e9c\u00e9dente \u00e9tude, l&rsquo;importance des circuits transnationaux dans le d\u00e9veloppement de ce cin\u00e9ma indien ind\u00e9pendant, tant pour sa production que pour sa diffusion, cette pr\u00e9sentation s&rsquo;int\u00e9resse plus pr\u00e9cis\u00e9ment aux festivals de cin\u00e9ma en Inde en tant qu&rsquo;espace de r\u00e9sistance \u00e0 l&rsquo;h\u00e9g\u00e9monie culturelle de Bollywood et \u00e0 l&rsquo;id\u00e9ologie hindouiste port\u00e9e par le gouvernement au pouvoir depuis 2014. Je propose d&rsquo;explorer cette question \u00e0 travers une \u00e9tude centr\u00e9e sur le Dharamshala Film Festival (DIFF) qui est organis\u00e9 chaque ann\u00e9e depuis 2012 dans la r\u00e9gion himalayenne de l&rsquo;Inde. Apr\u00e8s avoir replac\u00e9 ce festival dans l&rsquo;\u00e9cosyst\u00e8me festivalier indien, il s&rsquo;agira de questionner les processus de m\u00e9diation de ce festival et de rep\u00e9rer comment il participe \u00e0 la construction d&rsquo;un cin\u00e9ma ind\u00e9pendant en tant qu&rsquo;objet et en tant que discours.<\/p>\n\n\n\n<p><strong>M\u00e9lanie Le Forestier<\/strong> est ma\u00eetresse de conf\u00e9rences en Sciences de l&rsquo;information et de la communication \u00e0 l&rsquo;Universit\u00e9 Toulouse 2 Jean Jaur\u00e8s et membre du LERASS (Laboratoire d&rsquo;\u00e9tudes et de recherches appliqu\u00e9es en sciences sociales). Ses recherches portent sur l&rsquo;\u00e9tude des dynamiques transnationales dans la configuration de cin\u00e9mas contre-h\u00e9g\u00e9moniques en Asie du Sud, et dans ce cadre, elle s&rsquo;int\u00e9resse aux r\u00f4les qu&rsquo;y jouent les festivals de cin\u00e9ma, \u00e0 l&rsquo;\u00e9chelle nationale (Inde) comme \u00e0 l&rsquo;\u00e9chelle internationale.<\/p>\n\n\n\n<p>Pour assister \u00e0 la rencontre, rendez-vous \u00e0 14h sur le lien Zoom suivant\u00a0:<\/p>\n\n\n\n<p><a href=\"https:\/\/univ-tlse2.zoom.us\/j\/3054943044\">https:\/\/univ-tlse2.zoom.us\/j\/3054943044<\/a><\/p>\n\n\n\n<p>ID de r\u00e9union : 305 494 3044<br>Code secret : 815913<\/p>\n","protected":false},"excerpt":{"rendered":"<p>26 janvier 2024 (en ligne) Festivals de cin\u00e9ma en Inde : lieux de contre-pouvoir Ma recherche interroge le r\u00f4le des festivals de cin\u00e9ma dans la configuration d&rsquo;un cin\u00e9ma ind\u00e9pendant en [&hellip;]<\/p>\n","protected":false},"author":1,"featured_media":0,"parent":0,"menu_order":0,"comment_status":"closed","ping_status":"closed","template":"","meta":{"site-sidebar-layout":"default","site-content-layout":"","ast-site-content-layout":"default","site-content-style":"default","site-sidebar-style":"default","ast-global-header-display":"","ast-banner-title-visibility":"","ast-main-header-display":"","ast-hfb-above-header-display":"","ast-hfb-below-header-display":"","ast-hfb-mobile-header-display":"","site-post-title":"","ast-breadcrumbs-content":"","ast-featured-img":"","footer-sml-layout":"","theme-transparent-header-meta":"","adv-header-id-meta":"","stick-header-meta":"","header-above-stick-meta":"","header-main-stick-meta":"","header-below-stick-meta":"","astra-migrate-meta-layouts":"set","ast-page-background-enabled":"default","ast-page-background-meta":{"desktop":{"background-color":"var(--ast-global-color-4)","background-image":"","background-repeat":"repeat","background-position":"center center","background-size":"auto","background-attachment":"scroll","background-type":"","background-media":"","overlay-type":"","overlay-color":"","overlay-opacity":"","overlay-gradient":""},"tablet":{"background-color":"","background-image":"","background-repeat":"repeat","background-position":"center center","background-size":"auto","background-attachment":"scroll","background-type":"","background-media":"","overlay-type":"","overlay-color":"","overlay-opacity":"","overlay-gradient":""},"mobile":{"background-color":"","background-image":"","background-repeat":"repeat","background-position":"center center","background-size":"auto","background-attachment":"scroll","background-type":"","background-media":"","overlay-type":"","overlay-color":"","overlay-opacity":"","overlay-gradient":""}},"ast-content-background-meta":{"desktop":{"background-color":"var(--ast-global-color-5)","background-image":"","background-repeat":"repeat","background-position":"center center","background-size":"auto","background-attachment":"scroll","background-type":"","background-media":"","overlay-type":"","overlay-color":"","overlay-opacity":"","overlay-gradient":""},"tablet":{"background-color":"var(--ast-global-color-5)","background-image":"","background-repeat":"repeat","background-position":"center center","background-size":"auto","background-attachment":"scroll","background-type":"","background-media":"","overlay-type":"","overlay-color":"","overlay-opacity":"","overlay-gradient":""},"mobile":{"background-color":"var(--ast-global-color-5)","background-image":"","background-repeat":"repeat","background-position":"center center","background-size":"auto","background-attachment":"scroll","background-type":"","background-media":"","overlay-type":"","overlay-color":"","overlay-opacity":"","overlay-gradient":""}},"footnotes":""},"class_list":["post-727","page","type-page","status-publish","hentry"],"yoast_head":"<!-- This site is optimized with the Yoast SEO plugin v27.0 - https:\/\/yoast.com\/product\/yoast-seo-wordpress\/ -->\n<title>Rencontre 2r3f#4 avec M\u00e9lanie Le Forestier\u00a0 - R\u00e9seau de Recherche Fran\u00e7ais sur les Festivals de Film<\/title>\n<meta name=\"robots\" content=\"index, follow, max-snippet:-1, max-image-preview:large, max-video-preview:-1\" \/>\n<link rel=\"canonical\" href=\"https:\/\/2r3f.fr\/index.php\/rencontre-2r3f4-avec-melanie-le-forestier\/\" \/>\n<meta property=\"og:locale\" content=\"fr_FR\" \/>\n<meta property=\"og:type\" content=\"article\" \/>\n<meta property=\"og:title\" content=\"Rencontre 2r3f#4 avec M\u00e9lanie Le Forestier\u00a0 - R\u00e9seau de Recherche Fran\u00e7ais sur les Festivals de Film\" \/>\n<meta property=\"og:description\" content=\"26 janvier 2024 (en ligne) Festivals de cin\u00e9ma en Inde : lieux de contre-pouvoir Ma recherche interroge le r\u00f4le des festivals de cin\u00e9ma dans la configuration d&rsquo;un cin\u00e9ma ind\u00e9pendant en [&hellip;]\" \/>\n<meta property=\"og:url\" content=\"https:\/\/2r3f.fr\/index.php\/rencontre-2r3f4-avec-melanie-le-forestier\/\" \/>\n<meta property=\"og:site_name\" content=\"R\u00e9seau de Recherche Fran\u00e7ais sur les Festivals de Film\" \/>\n<meta property=\"article:publisher\" content=\"https:\/\/www.facebook.com\/profile.php?id=100093713633073\" \/>\n<meta property=\"article:modified_time\" content=\"2024-01-26T12:13:58+00:00\" \/>\n<meta name=\"twitter:card\" content=\"summary_large_image\" \/>\n<meta name=\"twitter:label1\" content=\"Dur\u00e9e de lecture estim\u00e9e\" \/>\n\t<meta name=\"twitter:data1\" content=\"2 minutes\" \/>\n<script type=\"application\/ld+json\" class=\"yoast-schema-graph\">{\"@context\":\"https:\/\/schema.org\",\"@graph\":[{\"@type\":\"WebPage\",\"@id\":\"https:\/\/2r3f.fr\/index.php\/rencontre-2r3f4-avec-melanie-le-forestier\/\",\"url\":\"https:\/\/2r3f.fr\/index.php\/rencontre-2r3f4-avec-melanie-le-forestier\/\",\"name\":\"Rencontre 2r3f#4 avec M\u00e9lanie Le Forestier\u00a0 - R\u00e9seau de Recherche Fran\u00e7ais sur les Festivals de Film\",\"isPartOf\":{\"@id\":\"https:\/\/2r3f.fr\/#website\"},\"datePublished\":\"2023-12-19T08:39:49+00:00\",\"dateModified\":\"2024-01-26T12:13:58+00:00\",\"breadcrumb\":{\"@id\":\"https:\/\/2r3f.fr\/index.php\/rencontre-2r3f4-avec-melanie-le-forestier\/#breadcrumb\"},\"inLanguage\":\"fr-FR\",\"potentialAction\":[{\"@type\":\"ReadAction\",\"target\":[\"https:\/\/2r3f.fr\/index.php\/rencontre-2r3f4-avec-melanie-le-forestier\/\"]}]},{\"@type\":\"BreadcrumbList\",\"@id\":\"https:\/\/2r3f.fr\/index.php\/rencontre-2r3f4-avec-melanie-le-forestier\/#breadcrumb\",\"itemListElement\":[{\"@type\":\"ListItem\",\"position\":1,\"name\":\"Accueil\",\"item\":\"https:\/\/2r3f.fr\/\"},{\"@type\":\"ListItem\",\"position\":2,\"name\":\"Rencontre 2r3f#4 avec M\u00e9lanie Le Forestier\u00a0\"}]},{\"@type\":\"WebSite\",\"@id\":\"https:\/\/2r3f.fr\/#website\",\"url\":\"https:\/\/2r3f.fr\/\",\"name\":\"2R3F - R\u00e9seau de Recherche Fran\u00e7ais sur les Festivals de Films\",\"description\":\"2R3F - R\u00e9seau de Recherche Fran\u00e7ais sur les Festivals de Films festivals de film\",\"publisher\":{\"@id\":\"https:\/\/2r3f.fr\/#organization\"},\"potentialAction\":[{\"@type\":\"SearchAction\",\"target\":{\"@type\":\"EntryPoint\",\"urlTemplate\":\"https:\/\/2r3f.fr\/?s={search_term_string}\"},\"query-input\":{\"@type\":\"PropertyValueSpecification\",\"valueRequired\":true,\"valueName\":\"search_term_string\"}}],\"inLanguage\":\"fr-FR\"},{\"@type\":\"Organization\",\"@id\":\"https:\/\/2r3f.fr\/#organization\",\"name\":\"2R3F R\u00e9seau de Recherche Fran\u00e7ais sur les Festivals de Films\",\"url\":\"https:\/\/2r3f.fr\/\",\"logo\":{\"@type\":\"ImageObject\",\"inLanguage\":\"fr-FR\",\"@id\":\"https:\/\/2r3f.fr\/#\/schema\/logo\/image\/\",\"url\":\"https:\/\/2r3f.fr\/wp-content\/uploads\/2023\/06\/cropped-logo-vers-2.png\",\"contentUrl\":\"https:\/\/2r3f.fr\/wp-content\/uploads\/2023\/06\/cropped-logo-vers-2.png\",\"width\":1098,\"height\":435,\"caption\":\"2R3F R\u00e9seau de Recherche Fran\u00e7ais sur les Festivals de Films\"},\"image\":{\"@id\":\"https:\/\/2r3f.fr\/#\/schema\/logo\/image\/\"},\"sameAs\":[\"https:\/\/www.facebook.com\/profile.php?id=100093713633073\",\"https:\/\/www.instagram.com\/_2r3f_\/\",\"https:\/\/www.linkedin.com\/company\/2r3f-rseau-de-recherche-franais-sur-les-festivals-de-film\/about\/?viewAsMember=true\"]}]}<\/script>\n<!-- \/ Yoast SEO plugin. -->","yoast_head_json":{"title":"Rencontre 2r3f#4 avec M\u00e9lanie Le Forestier\u00a0 - R\u00e9seau de Recherche Fran\u00e7ais sur les Festivals de Film","robots":{"index":"index","follow":"follow","max-snippet":"max-snippet:-1","max-image-preview":"max-image-preview:large","max-video-preview":"max-video-preview:-1"},"canonical":"https:\/\/2r3f.fr\/index.php\/rencontre-2r3f4-avec-melanie-le-forestier\/","og_locale":"fr_FR","og_type":"article","og_title":"Rencontre 2r3f#4 avec M\u00e9lanie Le Forestier\u00a0 - R\u00e9seau de Recherche Fran\u00e7ais sur les Festivals de Film","og_description":"26 janvier 2024 (en ligne) Festivals de cin\u00e9ma en Inde : lieux de contre-pouvoir Ma recherche interroge le r\u00f4le des festivals de cin\u00e9ma dans la configuration d&rsquo;un cin\u00e9ma ind\u00e9pendant en [&hellip;]","og_url":"https:\/\/2r3f.fr\/index.php\/rencontre-2r3f4-avec-melanie-le-forestier\/","og_site_name":"R\u00e9seau de Recherche Fran\u00e7ais sur les Festivals de Film","article_publisher":"https:\/\/www.facebook.com\/profile.php?id=100093713633073","article_modified_time":"2024-01-26T12:13:58+00:00","twitter_card":"summary_large_image","twitter_misc":{"Dur\u00e9e de lecture estim\u00e9e":"2 minutes"},"schema":{"@context":"https:\/\/schema.org","@graph":[{"@type":"WebPage","@id":"https:\/\/2r3f.fr\/index.php\/rencontre-2r3f4-avec-melanie-le-forestier\/","url":"https:\/\/2r3f.fr\/index.php\/rencontre-2r3f4-avec-melanie-le-forestier\/","name":"Rencontre 2r3f#4 avec M\u00e9lanie Le Forestier\u00a0 - R\u00e9seau de Recherche Fran\u00e7ais sur les Festivals de Film","isPartOf":{"@id":"https:\/\/2r3f.fr\/#website"},"datePublished":"2023-12-19T08:39:49+00:00","dateModified":"2024-01-26T12:13:58+00:00","breadcrumb":{"@id":"https:\/\/2r3f.fr\/index.php\/rencontre-2r3f4-avec-melanie-le-forestier\/#breadcrumb"},"inLanguage":"fr-FR","potentialAction":[{"@type":"ReadAction","target":["https:\/\/2r3f.fr\/index.php\/rencontre-2r3f4-avec-melanie-le-forestier\/"]}]},{"@type":"BreadcrumbList","@id":"https:\/\/2r3f.fr\/index.php\/rencontre-2r3f4-avec-melanie-le-forestier\/#breadcrumb","itemListElement":[{"@type":"ListItem","position":1,"name":"Accueil","item":"https:\/\/2r3f.fr\/"},{"@type":"ListItem","position":2,"name":"Rencontre 2r3f#4 avec M\u00e9lanie Le Forestier\u00a0"}]},{"@type":"WebSite","@id":"https:\/\/2r3f.fr\/#website","url":"https:\/\/2r3f.fr\/","name":"2R3F - R\u00e9seau de Recherche Fran\u00e7ais sur les Festivals de Films","description":"2R3F - R\u00e9seau de Recherche Fran\u00e7ais sur les Festivals de Films festivals de film","publisher":{"@id":"https:\/\/2r3f.fr\/#organization"},"potentialAction":[{"@type":"SearchAction","target":{"@type":"EntryPoint","urlTemplate":"https:\/\/2r3f.fr\/?s={search_term_string}"},"query-input":{"@type":"PropertyValueSpecification","valueRequired":true,"valueName":"search_term_string"}}],"inLanguage":"fr-FR"},{"@type":"Organization","@id":"https:\/\/2r3f.fr\/#organization","name":"2R3F R\u00e9seau de Recherche Fran\u00e7ais sur les Festivals de Films","url":"https:\/\/2r3f.fr\/","logo":{"@type":"ImageObject","inLanguage":"fr-FR","@id":"https:\/\/2r3f.fr\/#\/schema\/logo\/image\/","url":"https:\/\/2r3f.fr\/wp-content\/uploads\/2023\/06\/cropped-logo-vers-2.png","contentUrl":"https:\/\/2r3f.fr\/wp-content\/uploads\/2023\/06\/cropped-logo-vers-2.png","width":1098,"height":435,"caption":"2R3F R\u00e9seau de Recherche Fran\u00e7ais sur les Festivals de Films"},"image":{"@id":"https:\/\/2r3f.fr\/#\/schema\/logo\/image\/"},"sameAs":["https:\/\/www.facebook.com\/profile.php?id=100093713633073","https:\/\/www.instagram.com\/_2r3f_\/","https:\/\/www.linkedin.com\/company\/2r3f-rseau-de-recherche-franais-sur-les-festivals-de-film\/about\/?viewAsMember=true"]}]}},"_links":{"self":[{"href":"https:\/\/2r3f.fr\/index.php\/wp-json\/wp\/v2\/pages\/727","targetHints":{"allow":["GET"]}}],"collection":[{"href":"https:\/\/2r3f.fr\/index.php\/wp-json\/wp\/v2\/pages"}],"about":[{"href":"https:\/\/2r3f.fr\/index.php\/wp-json\/wp\/v2\/types\/page"}],"author":[{"embeddable":true,"href":"https:\/\/2r3f.fr\/index.php\/wp-json\/wp\/v2\/users\/1"}],"replies":[{"embeddable":true,"href":"https:\/\/2r3f.fr\/index.php\/wp-json\/wp\/v2\/comments?post=727"}],"version-history":[{"count":2,"href":"https:\/\/2r3f.fr\/index.php\/wp-json\/wp\/v2\/pages\/727\/revisions"}],"predecessor-version":[{"id":742,"href":"https:\/\/2r3f.fr\/index.php\/wp-json\/wp\/v2\/pages\/727\/revisions\/742"}],"wp:attachment":[{"href":"https:\/\/2r3f.fr\/index.php\/wp-json\/wp\/v2\/media?parent=727"}],"curies":[{"name":"wp","href":"https:\/\/api.w.org\/{rel}","templated":true}]}}