{"id":729,"date":"2023-12-19T09:42:21","date_gmt":"2023-12-19T08:42:21","guid":{"rendered":"https:\/\/2r3f.fr\/?page_id=729"},"modified":"2024-02-16T08:52:15","modified_gmt":"2024-02-16T07:52:15","slug":"rencontre-2r3f5-avec-farah-clementine-dramani-issifou","status":"publish","type":"page","link":"https:\/\/2r3f.fr\/index.php\/rencontre-2r3f5-avec-farah-clementine-dramani-issifou\/","title":{"rendered":"Rencontre 2r3f#6 avec Farah\u00a0Cl\u00e9mentine\u00a0Dramani-Issifou"},"content":{"rendered":"\n<p><strong>29 mars 2024 (en ligne)<\/strong> <\/p>\n\n\n\n<p><strong><em>De la programmation \u00e0 la curation : prendre soin des films et des communaut\u00e9s<\/em><\/strong><\/p>\n\n\n\n<p>En 2020, pendant la crise sanitaire provoqu\u00e9e par Covid-19, l&rsquo;organisation des festivals de cin\u00e9ma dans le monde a \u00e9t\u00e9 boulevers\u00e9e : certains festivals ont d\u00e9cid\u00e9 de maintenir leurs \u00e9v\u00e9nements en cr\u00e9ant des plateformes en ligne pour la diffusion des films et les rencontres professionnelles, et d&rsquo;autres ont purement et simplement annul\u00e9 leurs \u00e9ditions. La pand\u00e9mie a eu un impact important sur les strat\u00e9gies de programmation des festivals, cr\u00e9ant ce que j&rsquo;appelle les \u00ab&nbsp;flexi-programmateurs&nbsp;\u00bb. D&rsquo;autre part, cette crise a permis de mettre \u00e0 jour d&rsquo;autres modalit\u00e9s de faire (communaut\u00e9) qu&rsquo;il me semble important d&rsquo;analyser, de comprendre et d&rsquo;impulser. En partant d&rsquo;exemples concrets li\u00e9s aux comit\u00e9s de programmation des festivals au sein desquels j&rsquo;ai travaill\u00e9 (Semaine de la Critique, Villa Medici Film Festival, Festival International du Film de Marrakech, Fespaco) dans le cadre de mon projet de recherche curatoriale \u00ab&nbsp;Restitute African Film Archives \/ Faire cin\u00e9math\u00e8que(s)&nbsp;\u00bb, je r\u00e9fl\u00e9chirai aux diff\u00e9rences entre la programmation de films et la curation de films, avant de proposer une r\u00e9flexion sur l&rsquo;acte de curation comme une mani\u00e8re de prendre soin des films et des communaut\u00e9s.&nbsp;<\/p>\n\n\n\n<p><em><strong>Farah&nbsp;Cl\u00e9mentine&nbsp;Dramani-Issifou <\/strong>est&nbsp;doctorante en Th\u00e9orie et pratique de la cr\u00e9ation artistique et litt\u00e9raire \u00e0 l\u2019Universit\u00e9 d&rsquo;Aix-Marseille, LESA. Par ailleurs,&nbsp;depuis 10 ans, elle est programmatrice pour des festivals de cin\u00e9ma (la Semaine de la Critique, Marrakech International Film Festival, la Villa Medici Film Festival, Fespaco, Doxa). Elle est \u00e9galement commissaire des expositions Un.e Air.e de Famille (2021) ; Tofodji, sur les pas des anc\u00eatres (2022) et Afrotropes \u2013 des imaginaires de l\u2019Atlantique noir (2024). En 2023, elle est nomm\u00e9e Chevalier du m\u00e9rite des arts, des lettres et de la communication du Burkina Faso.&nbsp;En 2023-2024, elle est chercheuse invit\u00e9e au d\u00e9partement Art, Film and Visual Studies de l\u2019Universit\u00e9 d\u2019Harvard, chercheuse associ\u00e9e au Harvard Film Study Center et r\u00e9sidente de la Villa Albertine \u00e0 Boston.<\/em><\/p>\n\n\n\n<p>Pour assister \u00e0 la rencontre, rendez-vous \u00e0 14h sur le lien Zoom suivant&nbsp;:<\/p>\n\n\n\n<p><a href=\"https:\/\/univ-cotedazur.zoom.us\/j\/86225873412?pwd=Q3BqalZIY0U2U1ljVmVDOXdrdnZ2Zz09\">https:\/\/univ-cotedazur.zoom.us\/j\/86225873412?pwd=Q3BqalZIY0U2U1ljVmVDOXdrdnZ2Zz09<\/a><\/p>\n\n\n\n<p>ID de r\u00e9union&nbsp;: 862 2587 3412<\/p>\n\n\n\n<p>Code secret&nbsp;: 505106<\/p>\n","protected":false},"excerpt":{"rendered":"<p>29 mars 2024 (en ligne) De la programmation \u00e0 la curation : prendre soin des films et des communaut\u00e9s En 2020, pendant la crise sanitaire provoqu\u00e9e par Covid-19, l&rsquo;organisation des [&hellip;]<\/p>\n","protected":false},"author":1,"featured_media":0,"parent":0,"menu_order":0,"comment_status":"closed","ping_status":"closed","template":"","meta":{"site-sidebar-layout":"default","site-content-layout":"","ast-site-content-layout":"default","site-content-style":"default","site-sidebar-style":"default","ast-global-header-display":"","ast-banner-title-visibility":"","ast-main-header-display":"","ast-hfb-above-header-display":"","ast-hfb-below-header-display":"","ast-hfb-mobile-header-display":"","site-post-title":"","ast-breadcrumbs-content":"","ast-featured-img":"","footer-sml-layout":"","theme-transparent-header-meta":"","adv-header-id-meta":"","stick-header-meta":"","header-above-stick-meta":"","header-main-stick-meta":"","header-below-stick-meta":"","astra-migrate-meta-layouts":"set","ast-page-background-enabled":"default","ast-page-background-meta":{"desktop":{"background-color":"var(--ast-global-color-4)","background-image":"","background-repeat":"repeat","background-position":"center center","background-size":"auto","background-attachment":"scroll","background-type":"","background-media":"","overlay-type":"","overlay-color":"","overlay-opacity":"","overlay-gradient":""},"tablet":{"background-color":"","background-image":"","background-repeat":"repeat","background-position":"center center","background-size":"auto","background-attachment":"scroll","background-type":"","background-media":"","overlay-type":"","overlay-color":"","overlay-opacity":"","overlay-gradient":""},"mobile":{"background-color":"","background-image":"","background-repeat":"repeat","background-position":"center center","background-size":"auto","background-attachment":"scroll","background-type":"","background-media":"","overlay-type":"","overlay-color":"","overlay-opacity":"","overlay-gradient":""}},"ast-content-background-meta":{"desktop":{"background-color":"var(--ast-global-color-5)","background-image":"","background-repeat":"repeat","background-position":"center center","background-size":"auto","background-attachment":"scroll","background-type":"","background-media":"","overlay-type":"","overlay-color":"","overlay-opacity":"","overlay-gradient":""},"tablet":{"background-color":"var(--ast-global-color-5)","background-image":"","background-repeat":"repeat","background-position":"center center","background-size":"auto","background-attachment":"scroll","background-type":"","background-media":"","overlay-type":"","overlay-color":"","overlay-opacity":"","overlay-gradient":""},"mobile":{"background-color":"var(--ast-global-color-5)","background-image":"","background-repeat":"repeat","background-position":"center center","background-size":"auto","background-attachment":"scroll","background-type":"","background-media":"","overlay-type":"","overlay-color":"","overlay-opacity":"","overlay-gradient":""}},"footnotes":""},"class_list":["post-729","page","type-page","status-publish","hentry"],"yoast_head":"<!-- This site is optimized with the Yoast SEO plugin v27.0 - https:\/\/yoast.com\/product\/yoast-seo-wordpress\/ -->\n<title>Rencontre 2r3f#6 avec Farah\u00a0Cl\u00e9mentine\u00a0Dramani-Issifou - R\u00e9seau de Recherche Fran\u00e7ais sur les Festivals de Film<\/title>\n<meta name=\"robots\" content=\"index, follow, max-snippet:-1, max-image-preview:large, max-video-preview:-1\" \/>\n<link rel=\"canonical\" href=\"https:\/\/2r3f.fr\/index.php\/rencontre-2r3f5-avec-farah-clementine-dramani-issifou\/\" \/>\n<meta property=\"og:locale\" content=\"fr_FR\" \/>\n<meta property=\"og:type\" content=\"article\" \/>\n<meta property=\"og:title\" content=\"Rencontre 2r3f#6 avec Farah\u00a0Cl\u00e9mentine\u00a0Dramani-Issifou - R\u00e9seau de Recherche Fran\u00e7ais sur les Festivals de Film\" \/>\n<meta property=\"og:description\" content=\"29 mars 2024 (en ligne) De la programmation \u00e0 la curation : prendre soin des films et des communaut\u00e9s En 2020, pendant la crise sanitaire provoqu\u00e9e par Covid-19, l&rsquo;organisation des [&hellip;]\" \/>\n<meta property=\"og:url\" content=\"https:\/\/2r3f.fr\/index.php\/rencontre-2r3f5-avec-farah-clementine-dramani-issifou\/\" \/>\n<meta property=\"og:site_name\" content=\"R\u00e9seau de Recherche Fran\u00e7ais sur les Festivals de Film\" \/>\n<meta property=\"article:publisher\" content=\"https:\/\/www.facebook.com\/profile.php?id=100093713633073\" \/>\n<meta property=\"article:modified_time\" content=\"2024-02-16T07:52:15+00:00\" \/>\n<meta name=\"twitter:card\" content=\"summary_large_image\" \/>\n<meta name=\"twitter:label1\" content=\"Dur\u00e9e de lecture estim\u00e9e\" \/>\n\t<meta name=\"twitter:data1\" content=\"2 minutes\" \/>\n<script type=\"application\/ld+json\" class=\"yoast-schema-graph\">{\"@context\":\"https:\/\/schema.org\",\"@graph\":[{\"@type\":\"WebPage\",\"@id\":\"https:\/\/2r3f.fr\/index.php\/rencontre-2r3f5-avec-farah-clementine-dramani-issifou\/\",\"url\":\"https:\/\/2r3f.fr\/index.php\/rencontre-2r3f5-avec-farah-clementine-dramani-issifou\/\",\"name\":\"Rencontre 2r3f#6 avec Farah\u00a0Cl\u00e9mentine\u00a0Dramani-Issifou - R\u00e9seau de Recherche Fran\u00e7ais sur les Festivals de Film\",\"isPartOf\":{\"@id\":\"https:\/\/2r3f.fr\/#website\"},\"datePublished\":\"2023-12-19T08:42:21+00:00\",\"dateModified\":\"2024-02-16T07:52:15+00:00\",\"breadcrumb\":{\"@id\":\"https:\/\/2r3f.fr\/index.php\/rencontre-2r3f5-avec-farah-clementine-dramani-issifou\/#breadcrumb\"},\"inLanguage\":\"fr-FR\",\"potentialAction\":[{\"@type\":\"ReadAction\",\"target\":[\"https:\/\/2r3f.fr\/index.php\/rencontre-2r3f5-avec-farah-clementine-dramani-issifou\/\"]}]},{\"@type\":\"BreadcrumbList\",\"@id\":\"https:\/\/2r3f.fr\/index.php\/rencontre-2r3f5-avec-farah-clementine-dramani-issifou\/#breadcrumb\",\"itemListElement\":[{\"@type\":\"ListItem\",\"position\":1,\"name\":\"Accueil\",\"item\":\"https:\/\/2r3f.fr\/\"},{\"@type\":\"ListItem\",\"position\":2,\"name\":\"Rencontre 2r3f#6 avec Farah\u00a0Cl\u00e9mentine\u00a0Dramani-Issifou\"}]},{\"@type\":\"WebSite\",\"@id\":\"https:\/\/2r3f.fr\/#website\",\"url\":\"https:\/\/2r3f.fr\/\",\"name\":\"2R3F - R\u00e9seau de Recherche Fran\u00e7ais sur les Festivals de Films\",\"description\":\"2R3F - R\u00e9seau de Recherche Fran\u00e7ais sur les Festivals de Films festivals de film\",\"publisher\":{\"@id\":\"https:\/\/2r3f.fr\/#organization\"},\"potentialAction\":[{\"@type\":\"SearchAction\",\"target\":{\"@type\":\"EntryPoint\",\"urlTemplate\":\"https:\/\/2r3f.fr\/?s={search_term_string}\"},\"query-input\":{\"@type\":\"PropertyValueSpecification\",\"valueRequired\":true,\"valueName\":\"search_term_string\"}}],\"inLanguage\":\"fr-FR\"},{\"@type\":\"Organization\",\"@id\":\"https:\/\/2r3f.fr\/#organization\",\"name\":\"2R3F R\u00e9seau de Recherche Fran\u00e7ais sur les Festivals de Films\",\"url\":\"https:\/\/2r3f.fr\/\",\"logo\":{\"@type\":\"ImageObject\",\"inLanguage\":\"fr-FR\",\"@id\":\"https:\/\/2r3f.fr\/#\/schema\/logo\/image\/\",\"url\":\"https:\/\/2r3f.fr\/wp-content\/uploads\/2023\/06\/cropped-logo-vers-2.png\",\"contentUrl\":\"https:\/\/2r3f.fr\/wp-content\/uploads\/2023\/06\/cropped-logo-vers-2.png\",\"width\":1098,\"height\":435,\"caption\":\"2R3F R\u00e9seau de Recherche Fran\u00e7ais sur les Festivals de Films\"},\"image\":{\"@id\":\"https:\/\/2r3f.fr\/#\/schema\/logo\/image\/\"},\"sameAs\":[\"https:\/\/www.facebook.com\/profile.php?id=100093713633073\",\"https:\/\/www.instagram.com\/_2r3f_\/\",\"https:\/\/www.linkedin.com\/company\/2r3f-rseau-de-recherche-franais-sur-les-festivals-de-film\/about\/?viewAsMember=true\"]}]}<\/script>\n<!-- \/ Yoast SEO plugin. -->","yoast_head_json":{"title":"Rencontre 2r3f#6 avec Farah\u00a0Cl\u00e9mentine\u00a0Dramani-Issifou - R\u00e9seau de Recherche Fran\u00e7ais sur les Festivals de Film","robots":{"index":"index","follow":"follow","max-snippet":"max-snippet:-1","max-image-preview":"max-image-preview:large","max-video-preview":"max-video-preview:-1"},"canonical":"https:\/\/2r3f.fr\/index.php\/rencontre-2r3f5-avec-farah-clementine-dramani-issifou\/","og_locale":"fr_FR","og_type":"article","og_title":"Rencontre 2r3f#6 avec Farah\u00a0Cl\u00e9mentine\u00a0Dramani-Issifou - R\u00e9seau de Recherche Fran\u00e7ais sur les Festivals de Film","og_description":"29 mars 2024 (en ligne) De la programmation \u00e0 la curation : prendre soin des films et des communaut\u00e9s En 2020, pendant la crise sanitaire provoqu\u00e9e par Covid-19, l&rsquo;organisation des [&hellip;]","og_url":"https:\/\/2r3f.fr\/index.php\/rencontre-2r3f5-avec-farah-clementine-dramani-issifou\/","og_site_name":"R\u00e9seau de Recherche Fran\u00e7ais sur les Festivals de Film","article_publisher":"https:\/\/www.facebook.com\/profile.php?id=100093713633073","article_modified_time":"2024-02-16T07:52:15+00:00","twitter_card":"summary_large_image","twitter_misc":{"Dur\u00e9e de lecture estim\u00e9e":"2 minutes"},"schema":{"@context":"https:\/\/schema.org","@graph":[{"@type":"WebPage","@id":"https:\/\/2r3f.fr\/index.php\/rencontre-2r3f5-avec-farah-clementine-dramani-issifou\/","url":"https:\/\/2r3f.fr\/index.php\/rencontre-2r3f5-avec-farah-clementine-dramani-issifou\/","name":"Rencontre 2r3f#6 avec Farah\u00a0Cl\u00e9mentine\u00a0Dramani-Issifou - R\u00e9seau de Recherche Fran\u00e7ais sur les Festivals de Film","isPartOf":{"@id":"https:\/\/2r3f.fr\/#website"},"datePublished":"2023-12-19T08:42:21+00:00","dateModified":"2024-02-16T07:52:15+00:00","breadcrumb":{"@id":"https:\/\/2r3f.fr\/index.php\/rencontre-2r3f5-avec-farah-clementine-dramani-issifou\/#breadcrumb"},"inLanguage":"fr-FR","potentialAction":[{"@type":"ReadAction","target":["https:\/\/2r3f.fr\/index.php\/rencontre-2r3f5-avec-farah-clementine-dramani-issifou\/"]}]},{"@type":"BreadcrumbList","@id":"https:\/\/2r3f.fr\/index.php\/rencontre-2r3f5-avec-farah-clementine-dramani-issifou\/#breadcrumb","itemListElement":[{"@type":"ListItem","position":1,"name":"Accueil","item":"https:\/\/2r3f.fr\/"},{"@type":"ListItem","position":2,"name":"Rencontre 2r3f#6 avec Farah\u00a0Cl\u00e9mentine\u00a0Dramani-Issifou"}]},{"@type":"WebSite","@id":"https:\/\/2r3f.fr\/#website","url":"https:\/\/2r3f.fr\/","name":"2R3F - R\u00e9seau de Recherche Fran\u00e7ais sur les Festivals de Films","description":"2R3F - R\u00e9seau de Recherche Fran\u00e7ais sur les Festivals de Films festivals de film","publisher":{"@id":"https:\/\/2r3f.fr\/#organization"},"potentialAction":[{"@type":"SearchAction","target":{"@type":"EntryPoint","urlTemplate":"https:\/\/2r3f.fr\/?s={search_term_string}"},"query-input":{"@type":"PropertyValueSpecification","valueRequired":true,"valueName":"search_term_string"}}],"inLanguage":"fr-FR"},{"@type":"Organization","@id":"https:\/\/2r3f.fr\/#organization","name":"2R3F R\u00e9seau de Recherche Fran\u00e7ais sur les Festivals de Films","url":"https:\/\/2r3f.fr\/","logo":{"@type":"ImageObject","inLanguage":"fr-FR","@id":"https:\/\/2r3f.fr\/#\/schema\/logo\/image\/","url":"https:\/\/2r3f.fr\/wp-content\/uploads\/2023\/06\/cropped-logo-vers-2.png","contentUrl":"https:\/\/2r3f.fr\/wp-content\/uploads\/2023\/06\/cropped-logo-vers-2.png","width":1098,"height":435,"caption":"2R3F R\u00e9seau de Recherche Fran\u00e7ais sur les Festivals de Films"},"image":{"@id":"https:\/\/2r3f.fr\/#\/schema\/logo\/image\/"},"sameAs":["https:\/\/www.facebook.com\/profile.php?id=100093713633073","https:\/\/www.instagram.com\/_2r3f_\/","https:\/\/www.linkedin.com\/company\/2r3f-rseau-de-recherche-franais-sur-les-festivals-de-film\/about\/?viewAsMember=true"]}]}},"_links":{"self":[{"href":"https:\/\/2r3f.fr\/index.php\/wp-json\/wp\/v2\/pages\/729","targetHints":{"allow":["GET"]}}],"collection":[{"href":"https:\/\/2r3f.fr\/index.php\/wp-json\/wp\/v2\/pages"}],"about":[{"href":"https:\/\/2r3f.fr\/index.php\/wp-json\/wp\/v2\/types\/page"}],"author":[{"embeddable":true,"href":"https:\/\/2r3f.fr\/index.php\/wp-json\/wp\/v2\/users\/1"}],"replies":[{"embeddable":true,"href":"https:\/\/2r3f.fr\/index.php\/wp-json\/wp\/v2\/comments?post=729"}],"version-history":[{"count":5,"href":"https:\/\/2r3f.fr\/index.php\/wp-json\/wp\/v2\/pages\/729\/revisions"}],"predecessor-version":[{"id":763,"href":"https:\/\/2r3f.fr\/index.php\/wp-json\/wp\/v2\/pages\/729\/revisions\/763"}],"wp:attachment":[{"href":"https:\/\/2r3f.fr\/index.php\/wp-json\/wp\/v2\/media?parent=729"}],"curies":[{"name":"wp","href":"https:\/\/api.w.org\/{rel}","templated":true}]}}