{"id":754,"date":"2024-02-07T09:41:35","date_gmt":"2024-02-07T08:41:35","guid":{"rendered":"https:\/\/2r3f.fr\/?page_id=754"},"modified":"2024-02-07T09:41:36","modified_gmt":"2024-02-07T08:41:36","slug":"appel-a-communications-colloque-2r3f-nice-7-8-octobre-2024","status":"publish","type":"page","link":"https:\/\/2r3f.fr\/index.php\/appel-a-communications-colloque-2r3f-nice-7-8-octobre-2024\/","title":{"rendered":"appel \u00e0 communications : Colloque 2R3F (Nice, 7-8 octobre 2024)"},"content":{"rendered":"\n<p><strong>Penser les festivals de films<\/strong>. <strong>Approches universitaires, institutionnelles et professionnelles : regards crois\u00e9s<\/strong> (Nice, MSH, 7-8 octobre 2024)<\/p>\n\n\n\n<p>Depuis une vingtaine d\u2019ann\u00e9es en France se d\u00e9veloppent des recherches portant sur les festivals de films dans des environnements disciplinaires tr\u00e8s vari\u00e9s (Sciences de l\u2019information et de la communication, \u00c9tudes cin\u00e9matographiques et audiovisuelles, Sociologie, \u00c9conomie, Histoire, G\u00e9ographie, Management, M\u00e9diation culturelle\u2026). Elles empruntent des perspectives compl\u00e9mentaires qui permettent d\u2019interroger l\u2019histoire, le r\u00f4le \u00e9conomique, les enjeux sociaux et culturels, les composantes \u00e9ducatives, les pratiques cin\u00e9philiques de ces dispositifs singuliers, jouant ainsi un r\u00f4le central dans la production et la diffusion cin\u00e9matographiques et audiovisuelles. Au-del\u00e0 de l\u2019apport de chacune de ces disciplines, comment penser leurs interactions ? Comment construire des cadres th\u00e9oriques empruntant \u00e0 des concepts et outils issus de disciplines vari\u00e9es ? Il s\u2019agit de r\u00e9fl\u00e9chir aux fa\u00e7ons d\u2019articuler ces recherches avec les besoins, les initiatives, les m\u00e9thodes que d\u00e9veloppent parall\u00e8lement les institutions (le CNC, les collectivit\u00e9s territoriales, les r\u00e9seaux regroupant les festivals de films) et les professionnels eux-m\u00eames (nombreux \u00e9tant les responsables de festivals qui s\u2019interrogent sur leurs pratiques, sur leurs publics, et sur leurs interactions avec leurs territoires respectifs).<\/p>\n\n\n\n<p>Ce colloque vise ainsi \u00e0 confronter les pratiques de recherche, acad\u00e9miques et non acad\u00e9miques, au regard des besoins, des attentes, des ambitions exprim\u00e9es par les diff\u00e9rentes parties, et \u00e0 penser les croisements possibles, les enrichissements mutuels, ainsi que les coop\u00e9rations envisageables autour de ce sujet de r\u00e9flexion partag\u00e9.<\/p>\n\n\n\n<p>Afin de travailler au mieux ces interactions, le colloque sera organis\u00e9 dans le cadre de la 25e \u00e9dition d\u2019Un Festival C\u2019est Trop Court !, le festival europ\u00e9en du court m\u00e9trage de Nice (<a href=\"http:\/\/www.nicefilmfestival.com\/ufctc\/\">www.nicefilmfestival.com\/ufctc\/<\/a>).<\/p>\n\n\n\n<p>Les propositions pourront s\u2019articuler autour des axes de r\u00e9flexion suivants :<\/p>\n\n\n\n<ul class=\"wp-block-list\">\n<li>Approches m\u00e9thodologiques et conceptuelles au service de l&rsquo;\u00e9tude des festivals de films,<\/li>\n\n\n\n<li>Apports de l\u2019interdisciplinarit\u00e9 dans la recherche sur les festivals,<\/li>\n\n\n\n<li>Collaborations entre le milieu universitaire et celui des festivals,<\/li>\n\n\n\n<li>Retours d&rsquo;exp\u00e9rience de collectifs de festivals qui analysent leurs pratiques,<\/li>\n\n\n\n<li>Pr\u00e9sentation de la fa\u00e7on dont les institutions et les pouvoirs publics structurent leur engagement aupr\u00e8s des festivals,<\/li>\n\n\n\n<li>Auto\u00e9valuation par les festivals de leur organisation du travail et de leurs pratiques,<\/li>\n\n\n\n<li>Cartographier les r\u00e9seaux festivaliers : perspectives collaboratives.<\/li>\n<\/ul>\n\n\n\n<p>Le colloque est organis\u00e9 par le r\u00e9seau 2R3F et aura lieu sur deux jours \u00e0 la Maison des Sciences de l\u2019Homme et de la Soci\u00e9t\u00e9 Sud-Est \u00e0 Nice.<\/p>\n\n\n\n<p>Antoine Leclerc, d\u00e9l\u00e9gu\u00e9 g\u00e9n\u00e9ral de Carrefour des festivals, et Emmanuel N\u00e9grier, directeur de recherche au CNRS et directeur du Centre d\u2019\u00e9tudes politiques et sociales (Universit\u00e9 de Montpellier), ont d\u2019ores-et-d\u00e9j\u00e0 confirm\u00e9 leur pr\u00e9sence au colloque en tant qu\u2019invit\u00e9s.<\/p>\n\n\n\n<p>Les propositions de communication prendront la forme d\u2019un r\u00e9sum\u00e9 de 5000 caract\u00e8res environ, et d\u2019une br\u00e8ve pr\u00e9sentation personnelle. Elles devront \u00eatre envoy\u00e9es avant le<strong> 30 avril 2024<\/strong>, par email, \u00e0 l\u2019adresse suivante : <a href=\"mailto:colloque2R3F@laposte.net\"><strong>colloque2R3F@laposte.net<\/strong><\/a><\/p>\n\n\n\n<p><strong><u>Comit\u00e9 scientifique<\/u><\/strong> :<\/p>\n\n\n\n<p>M\u00e9lanie Le Forestier, LERASS (Universit\u00e9 Toulouse Jean-Jaur\u00e8s), Ma\u00eetresse de conf\u00e9rences en Sciences de l\u2019information et de la communication<\/p>\n\n\n\n<p>Amanda Rueda, LERASS (Universit\u00e9 Toulouse Jean-Jaur\u00e8s), professeure des Universit\u00e9s en Sciences de l\u2019information et de la communication<\/p>\n\n\n\n<p>Christel Taillibert, LIRCES (Universit\u00e9 C\u00f4te d\u2019Azur), professeure des Universit\u00e9s en Sciences de l\u2019information et de la communication<\/p>\n\n\n\n<p>Marguerite Vappereau (Universit\u00e9 Bordeaux Montaigne), Ma\u00eetresse de conf\u00e9rences en Etudes cin\u00e9matographiques.<\/p>\n\n\n\n<p>Ana Vinuela, IRCAV (Universit\u00e9 Paris 3 Sorbonne Nouvelle), Socio-\u00e9conomiste du cin\u00e9ma, Ma\u00eetresse de conf\u00e9rences en Sciences de l\u2019information et de la communication<\/p>\n\n\n\n<p><strong><u>Comit\u00e9 d\u2019organisation<\/u><\/strong><strong> :<\/strong><\/p>\n\n\n\n<p>Bruno Cailler, LIRCES (Universit\u00e9 C\u00f4te d\u2019Azur), ma\u00eetre de conf\u00e9rences en Sciences de l\u2019information et de la communication (bruno.cailler@univ-cotedazur.fr)<\/p>\n\n\n\n<p>Christian De Moor, LIRCES (Universit\u00e9 C\u00f4te d\u2019Azur), doctorant en Sciences de l\u2019information et de la communication (christian.de-moor@etu.univ-cotedazur.fr)<\/p>\n\n\n\n<p>Sophie Raimond, LIRCES (Universit\u00e9 C\u00f4te d\u2019Azur), ma\u00eetresse de conf\u00e9rences en Sciences de l\u2019information et de la communication (<a href=\"mailto:sophie.raimond@univ-cotedazur.fr\">sophie.raimond@univ-cotedazur.fr<\/a>)<\/p>\n\n\n\n<p>Sandrine Ravel, (Universit\u00e9 Lyon II Lumi\u00e8re), docteur en \u00e9tude cin\u00e9matographique, PRAG (cassis77@hotmail.fr)<\/p>\n\n\n\n<p>Amanda Rueda, LERASS (Universit\u00e9 Toulouse Jean-Jaur\u00e8s), professeure des Universit\u00e9s en Sciences de l\u2019information et de la communication (amanda.rueda@univ-tlse2.fr)<\/p>\n\n\n\n<p>Natacha Seweryn, ESTCA (Universit\u00e9 Paris 8), doctorante en Etudes cin\u00e9matographiques et audiovisuelles (natacha.seweryn@gmail.com)<\/p>\n\n\n\n<p>Christel Taillibert, LIRCES, professeure des Universit\u00e9s en Sciences de l\u2019information et de la communication (christel.taillibert@univ-cotedazur.fr)<\/p>\n\n\n\n<p><\/p>\n","protected":false},"excerpt":{"rendered":"<p>Penser les festivals de films. Approches universitaires, institutionnelles et professionnelles : regards crois\u00e9s (Nice, MSH, 7-8 octobre 2024) Depuis une vingtaine d\u2019ann\u00e9es en France se d\u00e9veloppent des recherches portant sur [&hellip;]<\/p>\n","protected":false},"author":1,"featured_media":0,"parent":0,"menu_order":0,"comment_status":"closed","ping_status":"closed","template":"","meta":{"site-sidebar-layout":"default","site-content-layout":"","ast-site-content-layout":"default","site-content-style":"default","site-sidebar-style":"default","ast-global-header-display":"","ast-banner-title-visibility":"","ast-main-header-display":"","ast-hfb-above-header-display":"","ast-hfb-below-header-display":"","ast-hfb-mobile-header-display":"","site-post-title":"","ast-breadcrumbs-content":"","ast-featured-img":"","footer-sml-layout":"","theme-transparent-header-meta":"","adv-header-id-meta":"","stick-header-meta":"","header-above-stick-meta":"","header-main-stick-meta":"","header-below-stick-meta":"","astra-migrate-meta-layouts":"set","ast-page-background-enabled":"default","ast-page-background-meta":{"desktop":{"background-color":"var(--ast-global-color-4)","background-image":"","background-repeat":"repeat","background-position":"center center","background-size":"auto","background-attachment":"scroll","background-type":"","background-media":"","overlay-type":"","overlay-color":"","overlay-opacity":"","overlay-gradient":""},"tablet":{"background-color":"","background-image":"","background-repeat":"repeat","background-position":"center center","background-size":"auto","background-attachment":"scroll","background-type":"","background-media":"","overlay-type":"","overlay-color":"","overlay-opacity":"","overlay-gradient":""},"mobile":{"background-color":"","background-image":"","background-repeat":"repeat","background-position":"center center","background-size":"auto","background-attachment":"scroll","background-type":"","background-media":"","overlay-type":"","overlay-color":"","overlay-opacity":"","overlay-gradient":""}},"ast-content-background-meta":{"desktop":{"background-color":"var(--ast-global-color-5)","background-image":"","background-repeat":"repeat","background-position":"center center","background-size":"auto","background-attachment":"scroll","background-type":"","background-media":"","overlay-type":"","overlay-color":"","overlay-opacity":"","overlay-gradient":""},"tablet":{"background-color":"var(--ast-global-color-5)","background-image":"","background-repeat":"repeat","background-position":"center center","background-size":"auto","background-attachment":"scroll","background-type":"","background-media":"","overlay-type":"","overlay-color":"","overlay-opacity":"","overlay-gradient":""},"mobile":{"background-color":"var(--ast-global-color-5)","background-image":"","background-repeat":"repeat","background-position":"center center","background-size":"auto","background-attachment":"scroll","background-type":"","background-media":"","overlay-type":"","overlay-color":"","overlay-opacity":"","overlay-gradient":""}},"footnotes":""},"class_list":["post-754","page","type-page","status-publish","hentry"],"yoast_head":"<!-- This site is optimized with the Yoast SEO plugin v27.0 - https:\/\/yoast.com\/product\/yoast-seo-wordpress\/ -->\n<title>appel \u00e0 communications : Colloque 2R3F (Nice, 7-8 octobre 2024) - R\u00e9seau de Recherche Fran\u00e7ais sur les Festivals de Film<\/title>\n<meta name=\"robots\" content=\"index, follow, max-snippet:-1, max-image-preview:large, max-video-preview:-1\" \/>\n<link rel=\"canonical\" href=\"https:\/\/2r3f.fr\/index.php\/appel-a-communications-colloque-2r3f-nice-7-8-octobre-2024\/\" \/>\n<meta property=\"og:locale\" content=\"fr_FR\" \/>\n<meta property=\"og:type\" content=\"article\" \/>\n<meta property=\"og:title\" content=\"appel \u00e0 communications : Colloque 2R3F (Nice, 7-8 octobre 2024) - R\u00e9seau de Recherche Fran\u00e7ais sur les Festivals de Film\" \/>\n<meta property=\"og:description\" content=\"Penser les festivals de films. Approches universitaires, institutionnelles et professionnelles : regards crois\u00e9s (Nice, MSH, 7-8 octobre 2024) Depuis une vingtaine d\u2019ann\u00e9es en France se d\u00e9veloppent des recherches portant sur [&hellip;]\" \/>\n<meta property=\"og:url\" content=\"https:\/\/2r3f.fr\/index.php\/appel-a-communications-colloque-2r3f-nice-7-8-octobre-2024\/\" \/>\n<meta property=\"og:site_name\" content=\"R\u00e9seau de Recherche Fran\u00e7ais sur les Festivals de Film\" \/>\n<meta property=\"article:publisher\" content=\"https:\/\/www.facebook.com\/profile.php?id=100093713633073\" \/>\n<meta property=\"article:modified_time\" content=\"2024-02-07T08:41:36+00:00\" \/>\n<meta name=\"twitter:card\" content=\"summary_large_image\" \/>\n<meta name=\"twitter:label1\" content=\"Dur\u00e9e de lecture estim\u00e9e\" \/>\n\t<meta name=\"twitter:data1\" content=\"4 minutes\" \/>\n<script type=\"application\/ld+json\" class=\"yoast-schema-graph\">{\"@context\":\"https:\/\/schema.org\",\"@graph\":[{\"@type\":\"WebPage\",\"@id\":\"https:\/\/2r3f.fr\/index.php\/appel-a-communications-colloque-2r3f-nice-7-8-octobre-2024\/\",\"url\":\"https:\/\/2r3f.fr\/index.php\/appel-a-communications-colloque-2r3f-nice-7-8-octobre-2024\/\",\"name\":\"appel \u00e0 communications : Colloque 2R3F (Nice, 7-8 octobre 2024) - R\u00e9seau de Recherche Fran\u00e7ais sur les Festivals de Film\",\"isPartOf\":{\"@id\":\"https:\/\/2r3f.fr\/#website\"},\"datePublished\":\"2024-02-07T08:41:35+00:00\",\"dateModified\":\"2024-02-07T08:41:36+00:00\",\"breadcrumb\":{\"@id\":\"https:\/\/2r3f.fr\/index.php\/appel-a-communications-colloque-2r3f-nice-7-8-octobre-2024\/#breadcrumb\"},\"inLanguage\":\"fr-FR\",\"potentialAction\":[{\"@type\":\"ReadAction\",\"target\":[\"https:\/\/2r3f.fr\/index.php\/appel-a-communications-colloque-2r3f-nice-7-8-octobre-2024\/\"]}]},{\"@type\":\"BreadcrumbList\",\"@id\":\"https:\/\/2r3f.fr\/index.php\/appel-a-communications-colloque-2r3f-nice-7-8-octobre-2024\/#breadcrumb\",\"itemListElement\":[{\"@type\":\"ListItem\",\"position\":1,\"name\":\"Accueil\",\"item\":\"https:\/\/2r3f.fr\/\"},{\"@type\":\"ListItem\",\"position\":2,\"name\":\"appel \u00e0 communications : Colloque 2R3F (Nice, 7-8 octobre 2024)\"}]},{\"@type\":\"WebSite\",\"@id\":\"https:\/\/2r3f.fr\/#website\",\"url\":\"https:\/\/2r3f.fr\/\",\"name\":\"2R3F - R\u00e9seau de Recherche Fran\u00e7ais sur les Festivals de Films\",\"description\":\"2R3F - R\u00e9seau de Recherche Fran\u00e7ais sur les Festivals de Films festivals de film\",\"publisher\":{\"@id\":\"https:\/\/2r3f.fr\/#organization\"},\"potentialAction\":[{\"@type\":\"SearchAction\",\"target\":{\"@type\":\"EntryPoint\",\"urlTemplate\":\"https:\/\/2r3f.fr\/?s={search_term_string}\"},\"query-input\":{\"@type\":\"PropertyValueSpecification\",\"valueRequired\":true,\"valueName\":\"search_term_string\"}}],\"inLanguage\":\"fr-FR\"},{\"@type\":\"Organization\",\"@id\":\"https:\/\/2r3f.fr\/#organization\",\"name\":\"2R3F R\u00e9seau de Recherche Fran\u00e7ais sur les Festivals de Films\",\"url\":\"https:\/\/2r3f.fr\/\",\"logo\":{\"@type\":\"ImageObject\",\"inLanguage\":\"fr-FR\",\"@id\":\"https:\/\/2r3f.fr\/#\/schema\/logo\/image\/\",\"url\":\"https:\/\/2r3f.fr\/wp-content\/uploads\/2023\/06\/cropped-logo-vers-2.png\",\"contentUrl\":\"https:\/\/2r3f.fr\/wp-content\/uploads\/2023\/06\/cropped-logo-vers-2.png\",\"width\":1098,\"height\":435,\"caption\":\"2R3F R\u00e9seau de Recherche Fran\u00e7ais sur les Festivals de Films\"},\"image\":{\"@id\":\"https:\/\/2r3f.fr\/#\/schema\/logo\/image\/\"},\"sameAs\":[\"https:\/\/www.facebook.com\/profile.php?id=100093713633073\",\"https:\/\/www.instagram.com\/_2r3f_\/\",\"https:\/\/www.linkedin.com\/company\/2r3f-rseau-de-recherche-franais-sur-les-festivals-de-film\/about\/?viewAsMember=true\"]}]}<\/script>\n<!-- \/ Yoast SEO plugin. -->","yoast_head_json":{"title":"appel \u00e0 communications : Colloque 2R3F (Nice, 7-8 octobre 2024) - R\u00e9seau de Recherche Fran\u00e7ais sur les Festivals de Film","robots":{"index":"index","follow":"follow","max-snippet":"max-snippet:-1","max-image-preview":"max-image-preview:large","max-video-preview":"max-video-preview:-1"},"canonical":"https:\/\/2r3f.fr\/index.php\/appel-a-communications-colloque-2r3f-nice-7-8-octobre-2024\/","og_locale":"fr_FR","og_type":"article","og_title":"appel \u00e0 communications : Colloque 2R3F (Nice, 7-8 octobre 2024) - R\u00e9seau de Recherche Fran\u00e7ais sur les Festivals de Film","og_description":"Penser les festivals de films. Approches universitaires, institutionnelles et professionnelles : regards crois\u00e9s (Nice, MSH, 7-8 octobre 2024) Depuis une vingtaine d\u2019ann\u00e9es en France se d\u00e9veloppent des recherches portant sur [&hellip;]","og_url":"https:\/\/2r3f.fr\/index.php\/appel-a-communications-colloque-2r3f-nice-7-8-octobre-2024\/","og_site_name":"R\u00e9seau de Recherche Fran\u00e7ais sur les Festivals de Film","article_publisher":"https:\/\/www.facebook.com\/profile.php?id=100093713633073","article_modified_time":"2024-02-07T08:41:36+00:00","twitter_card":"summary_large_image","twitter_misc":{"Dur\u00e9e de lecture estim\u00e9e":"4 minutes"},"schema":{"@context":"https:\/\/schema.org","@graph":[{"@type":"WebPage","@id":"https:\/\/2r3f.fr\/index.php\/appel-a-communications-colloque-2r3f-nice-7-8-octobre-2024\/","url":"https:\/\/2r3f.fr\/index.php\/appel-a-communications-colloque-2r3f-nice-7-8-octobre-2024\/","name":"appel \u00e0 communications : Colloque 2R3F (Nice, 7-8 octobre 2024) - R\u00e9seau de Recherche Fran\u00e7ais sur les Festivals de Film","isPartOf":{"@id":"https:\/\/2r3f.fr\/#website"},"datePublished":"2024-02-07T08:41:35+00:00","dateModified":"2024-02-07T08:41:36+00:00","breadcrumb":{"@id":"https:\/\/2r3f.fr\/index.php\/appel-a-communications-colloque-2r3f-nice-7-8-octobre-2024\/#breadcrumb"},"inLanguage":"fr-FR","potentialAction":[{"@type":"ReadAction","target":["https:\/\/2r3f.fr\/index.php\/appel-a-communications-colloque-2r3f-nice-7-8-octobre-2024\/"]}]},{"@type":"BreadcrumbList","@id":"https:\/\/2r3f.fr\/index.php\/appel-a-communications-colloque-2r3f-nice-7-8-octobre-2024\/#breadcrumb","itemListElement":[{"@type":"ListItem","position":1,"name":"Accueil","item":"https:\/\/2r3f.fr\/"},{"@type":"ListItem","position":2,"name":"appel \u00e0 communications : Colloque 2R3F (Nice, 7-8 octobre 2024)"}]},{"@type":"WebSite","@id":"https:\/\/2r3f.fr\/#website","url":"https:\/\/2r3f.fr\/","name":"2R3F - R\u00e9seau de Recherche Fran\u00e7ais sur les Festivals de Films","description":"2R3F - R\u00e9seau de Recherche Fran\u00e7ais sur les Festivals de Films festivals de film","publisher":{"@id":"https:\/\/2r3f.fr\/#organization"},"potentialAction":[{"@type":"SearchAction","target":{"@type":"EntryPoint","urlTemplate":"https:\/\/2r3f.fr\/?s={search_term_string}"},"query-input":{"@type":"PropertyValueSpecification","valueRequired":true,"valueName":"search_term_string"}}],"inLanguage":"fr-FR"},{"@type":"Organization","@id":"https:\/\/2r3f.fr\/#organization","name":"2R3F R\u00e9seau de Recherche Fran\u00e7ais sur les Festivals de Films","url":"https:\/\/2r3f.fr\/","logo":{"@type":"ImageObject","inLanguage":"fr-FR","@id":"https:\/\/2r3f.fr\/#\/schema\/logo\/image\/","url":"https:\/\/2r3f.fr\/wp-content\/uploads\/2023\/06\/cropped-logo-vers-2.png","contentUrl":"https:\/\/2r3f.fr\/wp-content\/uploads\/2023\/06\/cropped-logo-vers-2.png","width":1098,"height":435,"caption":"2R3F R\u00e9seau de Recherche Fran\u00e7ais sur les Festivals de Films"},"image":{"@id":"https:\/\/2r3f.fr\/#\/schema\/logo\/image\/"},"sameAs":["https:\/\/www.facebook.com\/profile.php?id=100093713633073","https:\/\/www.instagram.com\/_2r3f_\/","https:\/\/www.linkedin.com\/company\/2r3f-rseau-de-recherche-franais-sur-les-festivals-de-film\/about\/?viewAsMember=true"]}]}},"_links":{"self":[{"href":"https:\/\/2r3f.fr\/index.php\/wp-json\/wp\/v2\/pages\/754","targetHints":{"allow":["GET"]}}],"collection":[{"href":"https:\/\/2r3f.fr\/index.php\/wp-json\/wp\/v2\/pages"}],"about":[{"href":"https:\/\/2r3f.fr\/index.php\/wp-json\/wp\/v2\/types\/page"}],"author":[{"embeddable":true,"href":"https:\/\/2r3f.fr\/index.php\/wp-json\/wp\/v2\/users\/1"}],"replies":[{"embeddable":true,"href":"https:\/\/2r3f.fr\/index.php\/wp-json\/wp\/v2\/comments?post=754"}],"version-history":[{"count":1,"href":"https:\/\/2r3f.fr\/index.php\/wp-json\/wp\/v2\/pages\/754\/revisions"}],"predecessor-version":[{"id":755,"href":"https:\/\/2r3f.fr\/index.php\/wp-json\/wp\/v2\/pages\/754\/revisions\/755"}],"wp:attachment":[{"href":"https:\/\/2r3f.fr\/index.php\/wp-json\/wp\/v2\/media?parent=754"}],"curies":[{"name":"wp","href":"https:\/\/api.w.org\/{rel}","templated":true}]}}