{"id":867,"date":"2025-02-17T08:26:58","date_gmt":"2025-02-17T07:26:58","guid":{"rendered":"https:\/\/2r3f.fr\/?page_id=867"},"modified":"2025-02-17T08:29:52","modified_gmt":"2025-02-17T07:29:52","slug":"rencontre-10-avec-dunja-jelenkovic-21-fevrier-2025","status":"publish","type":"page","link":"https:\/\/2r3f.fr\/index.php\/rencontre-10-avec-dunja-jelenkovic-21-fevrier-2025\/","title":{"rendered":"Rencontre #10 avec Dunja Jelenkovic (21 f\u00e9vrier 2025)"},"content":{"rendered":"\n<p><strong>Les femmes dans les festivals de cin\u00e9ma en temps de guerre<\/strong><\/p>\n\n\n\n<p>Malgr\u00e9 l\u2019implication des femmes dans les festivals de cin\u00e9ma en temps de guerre, aucune \u00e9tude globale n\u2019a encore examin\u00e9 leur r\u00f4le dans ces festivals pendant les guerres en cours, ni th\u00e9oris\u00e9 ce que nous pouvons en apprendre. Conform\u00e9ment \u00e0 la strat\u00e9gie de la Commission europ\u00e9enne en faveur de l\u2019\u00e9galit\u00e9 entre les hommes et les femmes 2020-2025, le projet FESTWAR FM analyse les festivals de cin\u00e9ma et la guerre dans une perspective de genre. Soutenu par le programme Actions Marie Sk\u0142odowska-Curie (MSCA), le projet \u00e9tudiera le r\u00f4le des festivals de cin\u00e9ma en tant que lieux de m\u00e9moire dans les situations de conflit, en se concentrant sur les positions des femmes et en comparant les r\u00e9ponses globales \u00e0 trois conflits arm\u00e9s : la Seconde Guerre mondiale, la Yougoslavie et l\u2019Ukraine. Il analysera cinq festivals de cin\u00e9ma prestigieux de cat\u00e9gorie A et les principaux festivals de cin\u00e9ma en Yougoslavie et en Ukraine. Il fournira une monographie, deux articles acad\u00e9miques, et des archives num\u00e9riques en ligne, y compris un podcast.<br><\/p>\n\n\n\n<p>Dunja Jelenkovi\u0107 est chercheuse et a b\u00e9n\u00e9fici\u00e9 \u00e0 deux reprises d\u2019une bourse postdoctorale Marie Curie. Son projet de recherche actuel, CBA TRIESTE, porte sur les pratiques cin\u00e9matographiques italiennes et yougoslaves li\u00e9es \u00e0 la crise de Trieste et \u00e0 la lutte pour la fronti\u00e8re nord de l\u2019Adriatique (bourse europ\u00e9enne MSCA, Universit\u00e9 de Venise). Son prochain projet, FESTWAR FM, offrira la premi\u00e8re analyse durable des festivals de cin\u00e9ma et de la guerre dans une perspective de genre (MSCA Global Fellowship, \u00e0 partir de 2025, Universit\u00e9 Ca\u2019 Foscari de Venise \/ Universit\u00e9 Concordia, Montr\u00e9al). Chercheuse travaillant principalement sur les festivals de cin\u00e9ma et les relations entre les images documentaires, l\u2019histoire et la m\u00e9moire, Dunja Jelenkovi\u0107 est titulaire d\u2019un doctorat en histoire culturelle de l\u2019Universit\u00e9 Paris Saclay (2017). Elle a publi\u00e9 de nombreux articles sur les aspects politiques de la programmation des festivals de cin\u00e9ma, plus particuli\u00e8rement dans le contexte des turbulences, des conflits et des guerres en cours.<\/p>\n","protected":false},"excerpt":{"rendered":"<p>Les femmes dans les festivals de cin\u00e9ma en temps de guerre Malgr\u00e9 l\u2019implication des femmes dans les festivals de cin\u00e9ma en temps de guerre, aucune \u00e9tude globale n\u2019a encore examin\u00e9 [&hellip;]<\/p>\n","protected":false},"author":1,"featured_media":0,"parent":0,"menu_order":0,"comment_status":"closed","ping_status":"closed","template":"","meta":{"site-sidebar-layout":"default","site-content-layout":"","ast-site-content-layout":"default","site-content-style":"default","site-sidebar-style":"default","ast-global-header-display":"","ast-banner-title-visibility":"","ast-main-header-display":"","ast-hfb-above-header-display":"","ast-hfb-below-header-display":"","ast-hfb-mobile-header-display":"","site-post-title":"","ast-breadcrumbs-content":"","ast-featured-img":"","footer-sml-layout":"","theme-transparent-header-meta":"","adv-header-id-meta":"","stick-header-meta":"","header-above-stick-meta":"","header-main-stick-meta":"","header-below-stick-meta":"","astra-migrate-meta-layouts":"set","ast-page-background-enabled":"default","ast-page-background-meta":{"desktop":{"background-color":"var(--ast-global-color-4)","background-image":"","background-repeat":"repeat","background-position":"center center","background-size":"auto","background-attachment":"scroll","background-type":"","background-media":"","overlay-type":"","overlay-color":"","overlay-gradient":""},"tablet":{"background-color":"","background-image":"","background-repeat":"repeat","background-position":"center center","background-size":"auto","background-attachment":"scroll","background-type":"","background-media":"","overlay-type":"","overlay-color":"","overlay-gradient":""},"mobile":{"background-color":"","background-image":"","background-repeat":"repeat","background-position":"center center","background-size":"auto","background-attachment":"scroll","background-type":"","background-media":"","overlay-type":"","overlay-color":"","overlay-gradient":""}},"ast-content-background-meta":{"desktop":{"background-color":"var(--ast-global-color-5)","background-image":"","background-repeat":"repeat","background-position":"center center","background-size":"auto","background-attachment":"scroll","background-type":"","background-media":"","overlay-type":"","overlay-color":"","overlay-gradient":""},"tablet":{"background-color":"var(--ast-global-color-5)","background-image":"","background-repeat":"repeat","background-position":"center center","background-size":"auto","background-attachment":"scroll","background-type":"","background-media":"","overlay-type":"","overlay-color":"","overlay-gradient":""},"mobile":{"background-color":"var(--ast-global-color-5)","background-image":"","background-repeat":"repeat","background-position":"center center","background-size":"auto","background-attachment":"scroll","background-type":"","background-media":"","overlay-type":"","overlay-color":"","overlay-gradient":""}},"footnotes":""},"class_list":["post-867","page","type-page","status-publish","hentry"],"yoast_head":"<!-- This site is optimized with the Yoast SEO plugin v27.0 - https:\/\/yoast.com\/product\/yoast-seo-wordpress\/ -->\n<title>Rencontre #10 avec Dunja Jelenkovic (21 f\u00e9vrier 2025) - R\u00e9seau de Recherche Fran\u00e7ais sur les Festivals de Film<\/title>\n<meta name=\"robots\" content=\"index, follow, max-snippet:-1, max-image-preview:large, max-video-preview:-1\" \/>\n<link rel=\"canonical\" href=\"https:\/\/2r3f.fr\/index.php\/rencontre-10-avec-dunja-jelenkovic-21-fevrier-2025\/\" \/>\n<meta property=\"og:locale\" content=\"fr_FR\" \/>\n<meta property=\"og:type\" content=\"article\" \/>\n<meta property=\"og:title\" content=\"Rencontre #10 avec Dunja Jelenkovic (21 f\u00e9vrier 2025) - R\u00e9seau de Recherche Fran\u00e7ais sur les Festivals de Film\" \/>\n<meta property=\"og:description\" content=\"Les femmes dans les festivals de cin\u00e9ma en temps de guerre Malgr\u00e9 l\u2019implication des femmes dans les festivals de cin\u00e9ma en temps de guerre, aucune \u00e9tude globale n\u2019a encore examin\u00e9 [&hellip;]\" \/>\n<meta property=\"og:url\" content=\"https:\/\/2r3f.fr\/index.php\/rencontre-10-avec-dunja-jelenkovic-21-fevrier-2025\/\" \/>\n<meta property=\"og:site_name\" content=\"R\u00e9seau de Recherche Fran\u00e7ais sur les Festivals de Film\" \/>\n<meta property=\"article:publisher\" content=\"https:\/\/www.facebook.com\/profile.php?id=100093713633073\" \/>\n<meta property=\"article:modified_time\" content=\"2025-02-17T07:29:52+00:00\" \/>\n<meta name=\"twitter:card\" content=\"summary_large_image\" \/>\n<meta name=\"twitter:label1\" content=\"Dur\u00e9e de lecture estim\u00e9e\" \/>\n\t<meta name=\"twitter:data1\" content=\"2 minutes\" \/>\n<script type=\"application\/ld+json\" class=\"yoast-schema-graph\">{\"@context\":\"https:\/\/schema.org\",\"@graph\":[{\"@type\":\"WebPage\",\"@id\":\"https:\/\/2r3f.fr\/index.php\/rencontre-10-avec-dunja-jelenkovic-21-fevrier-2025\/\",\"url\":\"https:\/\/2r3f.fr\/index.php\/rencontre-10-avec-dunja-jelenkovic-21-fevrier-2025\/\",\"name\":\"Rencontre #10 avec Dunja Jelenkovic (21 f\u00e9vrier 2025) - R\u00e9seau de Recherche Fran\u00e7ais sur les Festivals de Film\",\"isPartOf\":{\"@id\":\"https:\/\/2r3f.fr\/#website\"},\"datePublished\":\"2025-02-17T07:26:58+00:00\",\"dateModified\":\"2025-02-17T07:29:52+00:00\",\"breadcrumb\":{\"@id\":\"https:\/\/2r3f.fr\/index.php\/rencontre-10-avec-dunja-jelenkovic-21-fevrier-2025\/#breadcrumb\"},\"inLanguage\":\"fr-FR\",\"potentialAction\":[{\"@type\":\"ReadAction\",\"target\":[\"https:\/\/2r3f.fr\/index.php\/rencontre-10-avec-dunja-jelenkovic-21-fevrier-2025\/\"]}]},{\"@type\":\"BreadcrumbList\",\"@id\":\"https:\/\/2r3f.fr\/index.php\/rencontre-10-avec-dunja-jelenkovic-21-fevrier-2025\/#breadcrumb\",\"itemListElement\":[{\"@type\":\"ListItem\",\"position\":1,\"name\":\"Accueil\",\"item\":\"https:\/\/2r3f.fr\/\"},{\"@type\":\"ListItem\",\"position\":2,\"name\":\"Rencontre #10 avec Dunja Jelenkovic (21 f\u00e9vrier 2025)\"}]},{\"@type\":\"WebSite\",\"@id\":\"https:\/\/2r3f.fr\/#website\",\"url\":\"https:\/\/2r3f.fr\/\",\"name\":\"2R3F - R\u00e9seau de Recherche Fran\u00e7ais sur les Festivals de Films\",\"description\":\"2R3F - R\u00e9seau de Recherche Fran\u00e7ais sur les Festivals de Films festivals de film\",\"publisher\":{\"@id\":\"https:\/\/2r3f.fr\/#organization\"},\"potentialAction\":[{\"@type\":\"SearchAction\",\"target\":{\"@type\":\"EntryPoint\",\"urlTemplate\":\"https:\/\/2r3f.fr\/?s={search_term_string}\"},\"query-input\":{\"@type\":\"PropertyValueSpecification\",\"valueRequired\":true,\"valueName\":\"search_term_string\"}}],\"inLanguage\":\"fr-FR\"},{\"@type\":\"Organization\",\"@id\":\"https:\/\/2r3f.fr\/#organization\",\"name\":\"2R3F R\u00e9seau de Recherche Fran\u00e7ais sur les Festivals de Films\",\"url\":\"https:\/\/2r3f.fr\/\",\"logo\":{\"@type\":\"ImageObject\",\"inLanguage\":\"fr-FR\",\"@id\":\"https:\/\/2r3f.fr\/#\/schema\/logo\/image\/\",\"url\":\"https:\/\/2r3f.fr\/wp-content\/uploads\/2023\/06\/cropped-logo-vers-2.png\",\"contentUrl\":\"https:\/\/2r3f.fr\/wp-content\/uploads\/2023\/06\/cropped-logo-vers-2.png\",\"width\":1098,\"height\":435,\"caption\":\"2R3F R\u00e9seau de Recherche Fran\u00e7ais sur les Festivals de Films\"},\"image\":{\"@id\":\"https:\/\/2r3f.fr\/#\/schema\/logo\/image\/\"},\"sameAs\":[\"https:\/\/www.facebook.com\/profile.php?id=100093713633073\",\"https:\/\/www.instagram.com\/_2r3f_\/\",\"https:\/\/www.linkedin.com\/company\/2r3f-rseau-de-recherche-franais-sur-les-festivals-de-film\/about\/?viewAsMember=true\"]}]}<\/script>\n<!-- \/ Yoast SEO plugin. -->","yoast_head_json":{"title":"Rencontre #10 avec Dunja Jelenkovic (21 f\u00e9vrier 2025) - R\u00e9seau de Recherche Fran\u00e7ais sur les Festivals de Film","robots":{"index":"index","follow":"follow","max-snippet":"max-snippet:-1","max-image-preview":"max-image-preview:large","max-video-preview":"max-video-preview:-1"},"canonical":"https:\/\/2r3f.fr\/index.php\/rencontre-10-avec-dunja-jelenkovic-21-fevrier-2025\/","og_locale":"fr_FR","og_type":"article","og_title":"Rencontre #10 avec Dunja Jelenkovic (21 f\u00e9vrier 2025) - R\u00e9seau de Recherche Fran\u00e7ais sur les Festivals de Film","og_description":"Les femmes dans les festivals de cin\u00e9ma en temps de guerre Malgr\u00e9 l\u2019implication des femmes dans les festivals de cin\u00e9ma en temps de guerre, aucune \u00e9tude globale n\u2019a encore examin\u00e9 [&hellip;]","og_url":"https:\/\/2r3f.fr\/index.php\/rencontre-10-avec-dunja-jelenkovic-21-fevrier-2025\/","og_site_name":"R\u00e9seau de Recherche Fran\u00e7ais sur les Festivals de Film","article_publisher":"https:\/\/www.facebook.com\/profile.php?id=100093713633073","article_modified_time":"2025-02-17T07:29:52+00:00","twitter_card":"summary_large_image","twitter_misc":{"Dur\u00e9e de lecture estim\u00e9e":"2 minutes"},"schema":{"@context":"https:\/\/schema.org","@graph":[{"@type":"WebPage","@id":"https:\/\/2r3f.fr\/index.php\/rencontre-10-avec-dunja-jelenkovic-21-fevrier-2025\/","url":"https:\/\/2r3f.fr\/index.php\/rencontre-10-avec-dunja-jelenkovic-21-fevrier-2025\/","name":"Rencontre #10 avec Dunja Jelenkovic (21 f\u00e9vrier 2025) - R\u00e9seau de Recherche Fran\u00e7ais sur les Festivals de Film","isPartOf":{"@id":"https:\/\/2r3f.fr\/#website"},"datePublished":"2025-02-17T07:26:58+00:00","dateModified":"2025-02-17T07:29:52+00:00","breadcrumb":{"@id":"https:\/\/2r3f.fr\/index.php\/rencontre-10-avec-dunja-jelenkovic-21-fevrier-2025\/#breadcrumb"},"inLanguage":"fr-FR","potentialAction":[{"@type":"ReadAction","target":["https:\/\/2r3f.fr\/index.php\/rencontre-10-avec-dunja-jelenkovic-21-fevrier-2025\/"]}]},{"@type":"BreadcrumbList","@id":"https:\/\/2r3f.fr\/index.php\/rencontre-10-avec-dunja-jelenkovic-21-fevrier-2025\/#breadcrumb","itemListElement":[{"@type":"ListItem","position":1,"name":"Accueil","item":"https:\/\/2r3f.fr\/"},{"@type":"ListItem","position":2,"name":"Rencontre #10 avec Dunja Jelenkovic (21 f\u00e9vrier 2025)"}]},{"@type":"WebSite","@id":"https:\/\/2r3f.fr\/#website","url":"https:\/\/2r3f.fr\/","name":"2R3F - R\u00e9seau de Recherche Fran\u00e7ais sur les Festivals de Films","description":"2R3F - R\u00e9seau de Recherche Fran\u00e7ais sur les Festivals de Films festivals de film","publisher":{"@id":"https:\/\/2r3f.fr\/#organization"},"potentialAction":[{"@type":"SearchAction","target":{"@type":"EntryPoint","urlTemplate":"https:\/\/2r3f.fr\/?s={search_term_string}"},"query-input":{"@type":"PropertyValueSpecification","valueRequired":true,"valueName":"search_term_string"}}],"inLanguage":"fr-FR"},{"@type":"Organization","@id":"https:\/\/2r3f.fr\/#organization","name":"2R3F R\u00e9seau de Recherche Fran\u00e7ais sur les Festivals de Films","url":"https:\/\/2r3f.fr\/","logo":{"@type":"ImageObject","inLanguage":"fr-FR","@id":"https:\/\/2r3f.fr\/#\/schema\/logo\/image\/","url":"https:\/\/2r3f.fr\/wp-content\/uploads\/2023\/06\/cropped-logo-vers-2.png","contentUrl":"https:\/\/2r3f.fr\/wp-content\/uploads\/2023\/06\/cropped-logo-vers-2.png","width":1098,"height":435,"caption":"2R3F R\u00e9seau de Recherche Fran\u00e7ais sur les Festivals de Films"},"image":{"@id":"https:\/\/2r3f.fr\/#\/schema\/logo\/image\/"},"sameAs":["https:\/\/www.facebook.com\/profile.php?id=100093713633073","https:\/\/www.instagram.com\/_2r3f_\/","https:\/\/www.linkedin.com\/company\/2r3f-rseau-de-recherche-franais-sur-les-festivals-de-film\/about\/?viewAsMember=true"]}]}},"_links":{"self":[{"href":"https:\/\/2r3f.fr\/index.php\/wp-json\/wp\/v2\/pages\/867","targetHints":{"allow":["GET"]}}],"collection":[{"href":"https:\/\/2r3f.fr\/index.php\/wp-json\/wp\/v2\/pages"}],"about":[{"href":"https:\/\/2r3f.fr\/index.php\/wp-json\/wp\/v2\/types\/page"}],"author":[{"embeddable":true,"href":"https:\/\/2r3f.fr\/index.php\/wp-json\/wp\/v2\/users\/1"}],"replies":[{"embeddable":true,"href":"https:\/\/2r3f.fr\/index.php\/wp-json\/wp\/v2\/comments?post=867"}],"version-history":[{"count":2,"href":"https:\/\/2r3f.fr\/index.php\/wp-json\/wp\/v2\/pages\/867\/revisions"}],"predecessor-version":[{"id":870,"href":"https:\/\/2r3f.fr\/index.php\/wp-json\/wp\/v2\/pages\/867\/revisions\/870"}],"wp:attachment":[{"href":"https:\/\/2r3f.fr\/index.php\/wp-json\/wp\/v2\/media?parent=867"}],"curies":[{"name":"wp","href":"https:\/\/api.w.org\/{rel}","templated":true}]}}