{"id":934,"date":"2026-01-19T10:18:22","date_gmt":"2026-01-19T09:18:22","guid":{"rendered":"https:\/\/2r3f.fr\/?page_id=934"},"modified":"2026-01-20T10:26:15","modified_gmt":"2026-01-20T09:26:15","slug":"rencontre-16-avec-gustavo-suarez","status":"publish","type":"page","link":"https:\/\/2r3f.fr\/index.php\/rencontre-16-avec-gustavo-suarez\/","title":{"rendered":"rencontre #16 avec gustavo suarez"},"content":{"rendered":"\n<p><strong>Festivals internationaux et pratiques de r\u00e9ception en Colombie : relations avec les publics locaux.&nbsp;<\/strong><\/p>\n\n\n\n<p>Cette communication pr\u00e9sentera les principaux axes d\u2019une recherche intitul\u00e9e&nbsp;<em>Festivals internationaux de cin\u00e9ma et publics locaux en Colombie<\/em>, financ\u00e9e par le Fonds pour le d\u00e9veloppement cin\u00e9matographique (FDC) dans le cadre de l\u2019appel \u00e0 projets 2024. L\u2019\u00e9tude s\u2019int\u00e9resse aux modalit\u00e9s d\u2019action des festivals et \u00e0 la nature des relations qu\u2019ils construisent avec leurs publics. Elle repose sur une enqu\u00eate men\u00e9e, d\u2019une part, aupr\u00e8s de quatre festivals internationaux de cin\u00e9ma en Colombie (FICMA, FICPA, FICCALI, FICCI) et, d\u2019autre part, sur l\u2019analyse de l\u2019exp\u00e9rience des spectateurs. L\u2019intervention sera centr\u00e9e sur la d\u00e9marche m\u00e9thodologique adopt\u00e9e, ainsi que sur certains r\u00e9sultats et pistes de discussion issus de la recherche.&nbsp;&nbsp;<\/p>\n\n\n\n<p><br>Gustavo Su\u00e1rez est docteur en sciences de l\u2019information et de la communication. Il est chercheur associ\u00e9 au laboratoire LERASS de l\u2019Universit\u00e9 Toulouse \u2013 Jean-Jaur\u00e8s et \u00e0 l\u2019\u00e9quipe CALIGARI de l\u2019Universidad del Valle (Colombie). Ses recherches portent sur l\u2019exp\u00e9rience des publics, en particulier des cin\u00e9mas produits ou coproduits avec l\u2019Am\u00e9rique latine. Il a b\u00e9n\u00e9fici\u00e9 de bourses de l\u2019Institut fran\u00e7ais (2022) et du minist\u00e8re de la Culture en Colombie (2023, 2024) pour le d\u00e9veloppement de projets de recherche et de recherche-cr\u00e9ation.&nbsp;<\/p>\n\n\n\n<p>Rendez-vous le vendredi 30 janvier \u00e0 14h00<\/p>\n\n\n\n<p>Pour vous connecter :<\/p>\n\n\n\n<p><a href=\"https:\/\/univ-cotedazur.zoom.us\/j\/89437918897?pwd=s7Xd4I3OquX6gwKBD0KJvMAWXqKra3.1\">https:\/\/univ-cotedazur.zoom.us\/j\/89437918897?pwd=s7Xd4I3OquX6gwKBD0KJvMAWXqKra3.1<\/a><\/p>\n\n\n\n<p>ID de r\u00e9union&nbsp;: 894 3791 8897<br>Code secret&nbsp;: 905616<\/p>\n","protected":false},"excerpt":{"rendered":"<p>Festivals internationaux et pratiques de r\u00e9ception en Colombie : relations avec les publics locaux.&nbsp; Cette communication pr\u00e9sentera les principaux axes d\u2019une recherche intitul\u00e9e&nbsp;Festivals internationaux de cin\u00e9ma et publics locaux en [&hellip;]<\/p>\n","protected":false},"author":1,"featured_media":0,"parent":0,"menu_order":0,"comment_status":"closed","ping_status":"closed","template":"","meta":{"site-sidebar-layout":"default","site-content-layout":"","ast-site-content-layout":"default","site-content-style":"default","site-sidebar-style":"default","ast-global-header-display":"","ast-banner-title-visibility":"","ast-main-header-display":"","ast-hfb-above-header-display":"","ast-hfb-below-header-display":"","ast-hfb-mobile-header-display":"","site-post-title":"","ast-breadcrumbs-content":"","ast-featured-img":"","footer-sml-layout":"","theme-transparent-header-meta":"","adv-header-id-meta":"","stick-header-meta":"","header-above-stick-meta":"","header-main-stick-meta":"","header-below-stick-meta":"","astra-migrate-meta-layouts":"set","ast-page-background-enabled":"default","ast-page-background-meta":{"desktop":{"background-color":"var(--ast-global-color-4)","background-image":"","background-repeat":"repeat","background-position":"center center","background-size":"auto","background-attachment":"scroll","background-type":"","background-media":"","overlay-type":"","overlay-color":"","overlay-opacity":"","overlay-gradient":""},"tablet":{"background-color":"","background-image":"","background-repeat":"repeat","background-position":"center center","background-size":"auto","background-attachment":"scroll","background-type":"","background-media":"","overlay-type":"","overlay-color":"","overlay-opacity":"","overlay-gradient":""},"mobile":{"background-color":"","background-image":"","background-repeat":"repeat","background-position":"center center","background-size":"auto","background-attachment":"scroll","background-type":"","background-media":"","overlay-type":"","overlay-color":"","overlay-opacity":"","overlay-gradient":""}},"ast-content-background-meta":{"desktop":{"background-color":"var(--ast-global-color-5)","background-image":"","background-repeat":"repeat","background-position":"center center","background-size":"auto","background-attachment":"scroll","background-type":"","background-media":"","overlay-type":"","overlay-color":"","overlay-opacity":"","overlay-gradient":""},"tablet":{"background-color":"var(--ast-global-color-5)","background-image":"","background-repeat":"repeat","background-position":"center center","background-size":"auto","background-attachment":"scroll","background-type":"","background-media":"","overlay-type":"","overlay-color":"","overlay-opacity":"","overlay-gradient":""},"mobile":{"background-color":"var(--ast-global-color-5)","background-image":"","background-repeat":"repeat","background-position":"center center","background-size":"auto","background-attachment":"scroll","background-type":"","background-media":"","overlay-type":"","overlay-color":"","overlay-opacity":"","overlay-gradient":""}},"footnotes":""},"class_list":["post-934","page","type-page","status-publish","hentry"],"yoast_head":"<!-- This site is optimized with the Yoast SEO plugin v27.0 - https:\/\/yoast.com\/product\/yoast-seo-wordpress\/ -->\n<title>rencontre #16 avec gustavo suarez - R\u00e9seau de Recherche Fran\u00e7ais sur les Festivals de Film<\/title>\n<meta name=\"robots\" content=\"index, follow, max-snippet:-1, max-image-preview:large, max-video-preview:-1\" \/>\n<link rel=\"canonical\" href=\"https:\/\/2r3f.fr\/index.php\/rencontre-16-avec-gustavo-suarez\/\" \/>\n<meta property=\"og:locale\" content=\"fr_FR\" \/>\n<meta property=\"og:type\" content=\"article\" \/>\n<meta property=\"og:title\" content=\"rencontre #16 avec gustavo suarez - R\u00e9seau de Recherche Fran\u00e7ais sur les Festivals de Film\" \/>\n<meta property=\"og:description\" content=\"Festivals internationaux et pratiques de r\u00e9ception en Colombie : relations avec les publics locaux.&nbsp; Cette communication pr\u00e9sentera les principaux axes d\u2019une recherche intitul\u00e9e&nbsp;Festivals internationaux de cin\u00e9ma et publics locaux en [&hellip;]\" \/>\n<meta property=\"og:url\" content=\"https:\/\/2r3f.fr\/index.php\/rencontre-16-avec-gustavo-suarez\/\" \/>\n<meta property=\"og:site_name\" content=\"R\u00e9seau de Recherche Fran\u00e7ais sur les Festivals de Film\" \/>\n<meta property=\"article:publisher\" content=\"https:\/\/www.facebook.com\/profile.php?id=100093713633073\" \/>\n<meta property=\"article:modified_time\" content=\"2026-01-20T09:26:15+00:00\" \/>\n<meta name=\"twitter:card\" content=\"summary_large_image\" \/>\n<meta name=\"twitter:label1\" content=\"Dur\u00e9e de lecture estim\u00e9e\" \/>\n\t<meta name=\"twitter:data1\" content=\"2 minutes\" \/>\n<script type=\"application\/ld+json\" class=\"yoast-schema-graph\">{\"@context\":\"https:\/\/schema.org\",\"@graph\":[{\"@type\":\"WebPage\",\"@id\":\"https:\/\/2r3f.fr\/index.php\/rencontre-16-avec-gustavo-suarez\/\",\"url\":\"https:\/\/2r3f.fr\/index.php\/rencontre-16-avec-gustavo-suarez\/\",\"name\":\"rencontre #16 avec gustavo suarez - R\u00e9seau de Recherche Fran\u00e7ais sur les Festivals de Film\",\"isPartOf\":{\"@id\":\"https:\/\/2r3f.fr\/#website\"},\"datePublished\":\"2026-01-19T09:18:22+00:00\",\"dateModified\":\"2026-01-20T09:26:15+00:00\",\"breadcrumb\":{\"@id\":\"https:\/\/2r3f.fr\/index.php\/rencontre-16-avec-gustavo-suarez\/#breadcrumb\"},\"inLanguage\":\"fr-FR\",\"potentialAction\":[{\"@type\":\"ReadAction\",\"target\":[\"https:\/\/2r3f.fr\/index.php\/rencontre-16-avec-gustavo-suarez\/\"]}]},{\"@type\":\"BreadcrumbList\",\"@id\":\"https:\/\/2r3f.fr\/index.php\/rencontre-16-avec-gustavo-suarez\/#breadcrumb\",\"itemListElement\":[{\"@type\":\"ListItem\",\"position\":1,\"name\":\"Accueil\",\"item\":\"https:\/\/2r3f.fr\/\"},{\"@type\":\"ListItem\",\"position\":2,\"name\":\"rencontre #16 avec gustavo suarez\"}]},{\"@type\":\"WebSite\",\"@id\":\"https:\/\/2r3f.fr\/#website\",\"url\":\"https:\/\/2r3f.fr\/\",\"name\":\"2R3F - R\u00e9seau de Recherche Fran\u00e7ais sur les Festivals de Films\",\"description\":\"2R3F - R\u00e9seau de Recherche Fran\u00e7ais sur les Festivals de Films festivals de film\",\"publisher\":{\"@id\":\"https:\/\/2r3f.fr\/#organization\"},\"potentialAction\":[{\"@type\":\"SearchAction\",\"target\":{\"@type\":\"EntryPoint\",\"urlTemplate\":\"https:\/\/2r3f.fr\/?s={search_term_string}\"},\"query-input\":{\"@type\":\"PropertyValueSpecification\",\"valueRequired\":true,\"valueName\":\"search_term_string\"}}],\"inLanguage\":\"fr-FR\"},{\"@type\":\"Organization\",\"@id\":\"https:\/\/2r3f.fr\/#organization\",\"name\":\"2R3F R\u00e9seau de Recherche Fran\u00e7ais sur les Festivals de Films\",\"url\":\"https:\/\/2r3f.fr\/\",\"logo\":{\"@type\":\"ImageObject\",\"inLanguage\":\"fr-FR\",\"@id\":\"https:\/\/2r3f.fr\/#\/schema\/logo\/image\/\",\"url\":\"https:\/\/2r3f.fr\/wp-content\/uploads\/2023\/06\/cropped-logo-vers-2.png\",\"contentUrl\":\"https:\/\/2r3f.fr\/wp-content\/uploads\/2023\/06\/cropped-logo-vers-2.png\",\"width\":1098,\"height\":435,\"caption\":\"2R3F R\u00e9seau de Recherche Fran\u00e7ais sur les Festivals de Films\"},\"image\":{\"@id\":\"https:\/\/2r3f.fr\/#\/schema\/logo\/image\/\"},\"sameAs\":[\"https:\/\/www.facebook.com\/profile.php?id=100093713633073\",\"https:\/\/www.instagram.com\/_2r3f_\/\",\"https:\/\/www.linkedin.com\/company\/2r3f-rseau-de-recherche-franais-sur-les-festivals-de-film\/about\/?viewAsMember=true\"]}]}<\/script>\n<!-- \/ Yoast SEO plugin. -->","yoast_head_json":{"title":"rencontre #16 avec gustavo suarez - R\u00e9seau de Recherche Fran\u00e7ais sur les Festivals de Film","robots":{"index":"index","follow":"follow","max-snippet":"max-snippet:-1","max-image-preview":"max-image-preview:large","max-video-preview":"max-video-preview:-1"},"canonical":"https:\/\/2r3f.fr\/index.php\/rencontre-16-avec-gustavo-suarez\/","og_locale":"fr_FR","og_type":"article","og_title":"rencontre #16 avec gustavo suarez - R\u00e9seau de Recherche Fran\u00e7ais sur les Festivals de Film","og_description":"Festivals internationaux et pratiques de r\u00e9ception en Colombie : relations avec les publics locaux.&nbsp; Cette communication pr\u00e9sentera les principaux axes d\u2019une recherche intitul\u00e9e&nbsp;Festivals internationaux de cin\u00e9ma et publics locaux en [&hellip;]","og_url":"https:\/\/2r3f.fr\/index.php\/rencontre-16-avec-gustavo-suarez\/","og_site_name":"R\u00e9seau de Recherche Fran\u00e7ais sur les Festivals de Film","article_publisher":"https:\/\/www.facebook.com\/profile.php?id=100093713633073","article_modified_time":"2026-01-20T09:26:15+00:00","twitter_card":"summary_large_image","twitter_misc":{"Dur\u00e9e de lecture estim\u00e9e":"2 minutes"},"schema":{"@context":"https:\/\/schema.org","@graph":[{"@type":"WebPage","@id":"https:\/\/2r3f.fr\/index.php\/rencontre-16-avec-gustavo-suarez\/","url":"https:\/\/2r3f.fr\/index.php\/rencontre-16-avec-gustavo-suarez\/","name":"rencontre #16 avec gustavo suarez - R\u00e9seau de Recherche Fran\u00e7ais sur les Festivals de Film","isPartOf":{"@id":"https:\/\/2r3f.fr\/#website"},"datePublished":"2026-01-19T09:18:22+00:00","dateModified":"2026-01-20T09:26:15+00:00","breadcrumb":{"@id":"https:\/\/2r3f.fr\/index.php\/rencontre-16-avec-gustavo-suarez\/#breadcrumb"},"inLanguage":"fr-FR","potentialAction":[{"@type":"ReadAction","target":["https:\/\/2r3f.fr\/index.php\/rencontre-16-avec-gustavo-suarez\/"]}]},{"@type":"BreadcrumbList","@id":"https:\/\/2r3f.fr\/index.php\/rencontre-16-avec-gustavo-suarez\/#breadcrumb","itemListElement":[{"@type":"ListItem","position":1,"name":"Accueil","item":"https:\/\/2r3f.fr\/"},{"@type":"ListItem","position":2,"name":"rencontre #16 avec gustavo suarez"}]},{"@type":"WebSite","@id":"https:\/\/2r3f.fr\/#website","url":"https:\/\/2r3f.fr\/","name":"2R3F - R\u00e9seau de Recherche Fran\u00e7ais sur les Festivals de Films","description":"2R3F - R\u00e9seau de Recherche Fran\u00e7ais sur les Festivals de Films festivals de film","publisher":{"@id":"https:\/\/2r3f.fr\/#organization"},"potentialAction":[{"@type":"SearchAction","target":{"@type":"EntryPoint","urlTemplate":"https:\/\/2r3f.fr\/?s={search_term_string}"},"query-input":{"@type":"PropertyValueSpecification","valueRequired":true,"valueName":"search_term_string"}}],"inLanguage":"fr-FR"},{"@type":"Organization","@id":"https:\/\/2r3f.fr\/#organization","name":"2R3F R\u00e9seau de Recherche Fran\u00e7ais sur les Festivals de Films","url":"https:\/\/2r3f.fr\/","logo":{"@type":"ImageObject","inLanguage":"fr-FR","@id":"https:\/\/2r3f.fr\/#\/schema\/logo\/image\/","url":"https:\/\/2r3f.fr\/wp-content\/uploads\/2023\/06\/cropped-logo-vers-2.png","contentUrl":"https:\/\/2r3f.fr\/wp-content\/uploads\/2023\/06\/cropped-logo-vers-2.png","width":1098,"height":435,"caption":"2R3F R\u00e9seau de Recherche Fran\u00e7ais sur les Festivals de Films"},"image":{"@id":"https:\/\/2r3f.fr\/#\/schema\/logo\/image\/"},"sameAs":["https:\/\/www.facebook.com\/profile.php?id=100093713633073","https:\/\/www.instagram.com\/_2r3f_\/","https:\/\/www.linkedin.com\/company\/2r3f-rseau-de-recherche-franais-sur-les-festivals-de-film\/about\/?viewAsMember=true"]}]}},"_links":{"self":[{"href":"https:\/\/2r3f.fr\/index.php\/wp-json\/wp\/v2\/pages\/934","targetHints":{"allow":["GET"]}}],"collection":[{"href":"https:\/\/2r3f.fr\/index.php\/wp-json\/wp\/v2\/pages"}],"about":[{"href":"https:\/\/2r3f.fr\/index.php\/wp-json\/wp\/v2\/types\/page"}],"author":[{"embeddable":true,"href":"https:\/\/2r3f.fr\/index.php\/wp-json\/wp\/v2\/users\/1"}],"replies":[{"embeddable":true,"href":"https:\/\/2r3f.fr\/index.php\/wp-json\/wp\/v2\/comments?post=934"}],"version-history":[{"count":2,"href":"https:\/\/2r3f.fr\/index.php\/wp-json\/wp\/v2\/pages\/934\/revisions"}],"predecessor-version":[{"id":939,"href":"https:\/\/2r3f.fr\/index.php\/wp-json\/wp\/v2\/pages\/934\/revisions\/939"}],"wp:attachment":[{"href":"https:\/\/2r3f.fr\/index.php\/wp-json\/wp\/v2\/media?parent=934"}],"curies":[{"name":"wp","href":"https:\/\/api.w.org\/{rel}","templated":true}]}}